{"id":5064,"date":"2022-04-11T04:42:17","date_gmt":"2022-04-11T04:42:17","guid":{"rendered":"https:\/\/colonos.eco.br\/variedadesdositio\/produto\/salsa-desidratada\/"},"modified":"2025-06-18T12:25:21","modified_gmt":"2025-06-18T17:25:21","slug":"salsa-desidratada","status":"publish","type":"product","link":"https:\/\/colonos.eco.br\/variedadesdositio\/produto\/salsa-desidratada\/","title":{"rendered":"Salsa desidratada"},"content":{"rendered":"<p>A salsa Desidratada \u00e9 composta por vitaminas do complexo B, A e C, al\u00e9m de conter minerais essenciais para funcionalidade do corpo como c\u00e1lcio, pot\u00e1ssio, f\u00f3sforo, enxofre, magn\u00e9sio e ferro. A Salsa (conhecida tamb\u00e9m por salsinha) tem grande capacidade diur\u00e9tica, antineur\u00e1lgica e antioxidante.<\/p>\n","protected":false},"excerpt":{"rendered":"<p>A Salsa \u00e9 muito usada na culin\u00e1ria, por ser um condimento cheio de sabores e propriedades. Sua vers\u00e3o desidratada garante uma durabilidade maior ao produto.<\/p>\n","protected":false},"featured_media":6042,"template":"","meta":[],"product_brand":[],"product_cat":[91],"product_tag":[206,193,93],"class_list":{"0":"post-5064","1":"product","2":"type-product","3":"status-publish","4":"has-post-thumbnail","6":"product_cat-ervas-temperos","7":"product_tag-desidratado","8":"product_tag-erva","9":"product_tag-tempero","11":"first","12":"instock","13":"shipping-taxable","14":"product-type-simple"},"_links":{"self":[{"href":"https:\/\/colonos.eco.br\/variedadesdositio\/wp-json\/wp\/v2\/product\/5064","targetHints":{"allow":["GET"]}}],"collection":[{"href":"https:\/\/colonos.eco.br\/variedadesdositio\/wp-json\/wp\/v2\/product"}],"about":[{"href":"https:\/\/colonos.eco.br\/variedadesdositio\/wp-json\/wp\/v2\/types\/product"}],"wp:featuredmedia":[{"embeddable":true,"href":"https:\/\/colonos.eco.br\/variedadesdositio\/wp-json\/wp\/v2\/media\/6042"}],"wp:attachment":[{"href":"https:\/\/colonos.eco.br\/variedadesdositio\/wp-json\/wp\/v2\/media?parent=5064"}],"wp:term":[{"taxonomy":"product_brand","embeddable":true,"href":"https:\/\/colonos.eco.br\/variedadesdositio\/wp-json\/wp\/v2\/product_brand?post=5064"},{"taxonomy":"product_cat","embeddable":true,"href":"https:\/\/colonos.eco.br\/variedadesdositio\/wp-json\/wp\/v2\/product_cat?post=5064"},{"taxonomy":"product_tag","embeddable":true,"href":"https:\/\/colonos.eco.br\/variedadesdositio\/wp-json\/wp\/v2\/product_tag?post=5064"}],"curies":[{"name":"wp","href":"https:\/\/api.w.org\/{rel}","templated":true}]}}