{"id":5065,"date":"2022-04-10T23:42:17","date_gmt":"2022-04-11T04:42:17","guid":{"rendered":"https:\/\/colonos.eco.br\/variedadesdositio\/produto\/taioba\/"},"modified":"2025-06-18T12:25:22","modified_gmt":"2025-06-18T17:25:22","slug":"taioba","status":"publish","type":"product","link":"https:\/\/colonos.eco.br\/variedadesdositio\/produto\/taioba\/","title":{"rendered":"Taioba (batata)"},"content":{"rendered":"<p>A taioba, ou taioba mansa, \u00e9 uma hortali\u00e7a de folhas grandes, da esp\u00e9cie Xanthosoma sagittifolium, e \u00e9 rica em nutrientes como fibras, vitaminas A, B e C, e minerais como c\u00e1lcio, f\u00f3sforo, pot\u00e1ssio e magn\u00e9sio que auxiliam no combate ao envelhecimento precoce da pele, fortalecem o sistema imunol\u00f3gico e evitam o desenvolvimento de doen\u00e7as cardiovasculares. Al\u00e9m disso, o ferro presente na taioba ajuda no tratamento e na preven\u00e7\u00e3o da anemia.<\/p>\n","protected":false},"excerpt":{"rendered":"<p>A taioba \u00e9 uma hortali\u00e7a de folhas grandes \u00e9 rica em nutrientes como fibras, vitaminas A, B e C, e minerais como c\u00e1lcio, f\u00f3sforo, pot\u00e1ssio e magn\u00e9sio.<\/p>\n","protected":false},"featured_media":6556,"template":"","meta":[],"product_brand":[],"product_cat":[153],"product_tag":[155,209,154],"class_list":{"0":"post-5065","1":"product","2":"type-product","3":"status-publish","4":"has-post-thumbnail","6":"product_cat-verduras-legumes","7":"product_tag-batata","8":"product_tag-tuberculo","9":"product_tag-tuberculos","11":"first","12":"instock","13":"shipping-taxable","14":"product-type-simple"},"_links":{"self":[{"href":"https:\/\/colonos.eco.br\/variedadesdositio\/wp-json\/wp\/v2\/product\/5065","targetHints":{"allow":["GET"]}}],"collection":[{"href":"https:\/\/colonos.eco.br\/variedadesdositio\/wp-json\/wp\/v2\/product"}],"about":[{"href":"https:\/\/colonos.eco.br\/variedadesdositio\/wp-json\/wp\/v2\/types\/product"}],"wp:featuredmedia":[{"embeddable":true,"href":"https:\/\/colonos.eco.br\/variedadesdositio\/wp-json\/wp\/v2\/media\/6556"}],"wp:attachment":[{"href":"https:\/\/colonos.eco.br\/variedadesdositio\/wp-json\/wp\/v2\/media?parent=5065"}],"wp:term":[{"taxonomy":"product_brand","embeddable":true,"href":"https:\/\/colonos.eco.br\/variedadesdositio\/wp-json\/wp\/v2\/product_brand?post=5065"},{"taxonomy":"product_cat","embeddable":true,"href":"https:\/\/colonos.eco.br\/variedadesdositio\/wp-json\/wp\/v2\/product_cat?post=5065"},{"taxonomy":"product_tag","embeddable":true,"href":"https:\/\/colonos.eco.br\/variedadesdositio\/wp-json\/wp\/v2\/product_tag?post=5065"}],"curies":[{"name":"wp","href":"https:\/\/api.w.org\/{rel}","templated":true}]}}