{"id":5071,"date":"2022-04-11T04:42:18","date_gmt":"2022-04-11T04:42:18","guid":{"rendered":"https:\/\/colonos.eco.br\/variedadesdositio\/produto\/tambaqui-moido\/"},"modified":"2025-06-18T12:25:47","modified_gmt":"2025-06-18T17:25:47","slug":"tambaqui-moido","status":"publish","type":"product","link":"https:\/\/colonos.eco.br\/variedadesdositio\/produto\/tambaqui-moido\/","title":{"rendered":"Tambaqui Mo\u00eddo"},"content":{"rendered":"<p>O antioxidante, protege as veias do envelhecimento precoce, al\u00e9m de reduzir as c\u00e9lulas cancer\u00edgenas. O \u00f4mega 3 reduz o colesterol e aumenta o colesterol bom (HDL). O lombo do tambaqui tamb\u00e9m \u00e9 rico em prote\u00edna, mas a nutricionista alerta que as prote\u00ednas n\u00e3o est\u00e3o na gordura do peixe, e sim, na carne.<\/p>\n","protected":false},"excerpt":{"rendered":"<p>O peixe de \u00e1gua doce chamado Tambaqui \u00e9 conhecido popularmente como Pacu Vermelho<\/p>\n","protected":false},"featured_media":0,"template":"","meta":[],"product_brand":[],"product_cat":[157],"product_tag":[210,177,208],"class_list":{"0":"post-5071","1":"product","2":"type-product","3":"status-publish","5":"product_cat-carnes-peixes","6":"product_tag-peixe-de-escama","7":"product_tag-pescado","8":"product_tag-proteina","10":"first","11":"instock","12":"shipping-taxable","13":"product-type-simple"},"_links":{"self":[{"href":"https:\/\/colonos.eco.br\/variedadesdositio\/wp-json\/wp\/v2\/product\/5071","targetHints":{"allow":["GET"]}}],"collection":[{"href":"https:\/\/colonos.eco.br\/variedadesdositio\/wp-json\/wp\/v2\/product"}],"about":[{"href":"https:\/\/colonos.eco.br\/variedadesdositio\/wp-json\/wp\/v2\/types\/product"}],"wp:attachment":[{"href":"https:\/\/colonos.eco.br\/variedadesdositio\/wp-json\/wp\/v2\/media?parent=5071"}],"wp:term":[{"taxonomy":"product_brand","embeddable":true,"href":"https:\/\/colonos.eco.br\/variedadesdositio\/wp-json\/wp\/v2\/product_brand?post=5071"},{"taxonomy":"product_cat","embeddable":true,"href":"https:\/\/colonos.eco.br\/variedadesdositio\/wp-json\/wp\/v2\/product_cat?post=5071"},{"taxonomy":"product_tag","embeddable":true,"href":"https:\/\/colonos.eco.br\/variedadesdositio\/wp-json\/wp\/v2\/product_tag?post=5071"}],"curies":[{"name":"wp","href":"https:\/\/api.w.org\/{rel}","templated":true}]}}