{"id":5072,"date":"2022-04-11T04:42:18","date_gmt":"2022-04-11T09:42:18","guid":{"rendered":"https:\/\/colonos.eco.br\/variedadesdositio\/produto\/tangerina\/"},"modified":"2025-06-18T12:25:47","modified_gmt":"2025-06-18T17:25:47","slug":"tangerina","status":"publish","type":"product","link":"https:\/\/colonos.eco.br\/variedadesdositio\/produto\/tangerina\/","title":{"rendered":"Tangerina"},"content":{"rendered":"<p>A tangerina (Citrus reticulata) \u00e9 uma fruta c\u00edtrica da fam\u00edlia Rutaceae onde encontramos todos as esp\u00e9cies de frutas c\u00edtricas conhecidas, como lim\u00e3o e laranja. A fruta que tem sua colheita de abril a julho, tamb\u00e9m \u00e9 chamada de mexerica, mandarina ou bergamota em diferentes locais do Brasil. Apresenta algumas variedades como a ponkan, cravo, cle\u00f3patra e satsuma. Al\u00e9m dessas variedades, ainda temos esp\u00e9cies h\u00edbridas (associa\u00e7\u00f5es da tangerina com outra fruta c\u00edtrica como laranja, por exemplo) como murcote, temple, tangerona, kara e kinga. Fruta de alta aprecia\u00e7\u00e3o devido ao seu aroma caracter\u00edstico, pela facilidade como suas cascas se soltam dos gomos, pela do\u00e7ura ou pouca acidez, apresentando poucas ou nenhuma semente e baixa caloria. Seus \u00f3leos essenciais s\u00e3o altamente utilizados em licores e aromatizantes.<\/p>\n","protected":false},"excerpt":{"rendered":"<p>A tangerina, tamb\u00e9m conhecida como bergamota ou mexerica, \u00e9 uma fruta rica em vitamina A, vitamina C e flavonoides.<\/p>\n","protected":false},"featured_media":6053,"template":"","meta":[],"product_brand":[],"product_cat":[152],"product_tag":[211,166,199],"class_list":{"0":"post-5072","1":"product","2":"type-product","3":"status-publish","4":"has-post-thumbnail","6":"product_cat-polpas-frutas","7":"product_tag-citrica","8":"product_tag-fruta","9":"product_tag-sazonal","11":"first","12":"instock","13":"featured","14":"shipping-taxable","15":"purchasable","16":"product-type-simple"},"_links":{"self":[{"href":"https:\/\/colonos.eco.br\/variedadesdositio\/wp-json\/wp\/v2\/product\/5072","targetHints":{"allow":["GET"]}}],"collection":[{"href":"https:\/\/colonos.eco.br\/variedadesdositio\/wp-json\/wp\/v2\/product"}],"about":[{"href":"https:\/\/colonos.eco.br\/variedadesdositio\/wp-json\/wp\/v2\/types\/product"}],"wp:featuredmedia":[{"embeddable":true,"href":"https:\/\/colonos.eco.br\/variedadesdositio\/wp-json\/wp\/v2\/media\/6053"}],"wp:attachment":[{"href":"https:\/\/colonos.eco.br\/variedadesdositio\/wp-json\/wp\/v2\/media?parent=5072"}],"wp:term":[{"taxonomy":"product_brand","embeddable":true,"href":"https:\/\/colonos.eco.br\/variedadesdositio\/wp-json\/wp\/v2\/product_brand?post=5072"},{"taxonomy":"product_cat","embeddable":true,"href":"https:\/\/colonos.eco.br\/variedadesdositio\/wp-json\/wp\/v2\/product_cat?post=5072"},{"taxonomy":"product_tag","embeddable":true,"href":"https:\/\/colonos.eco.br\/variedadesdositio\/wp-json\/wp\/v2\/product_tag?post=5072"}],"curies":[{"name":"wp","href":"https:\/\/api.w.org\/{rel}","templated":true}]}}