{"id":5073,"date":"2022-04-11T04:42:18","date_gmt":"2022-04-11T04:42:18","guid":{"rendered":"https:\/\/colonos.eco.br\/variedadesdositio\/produto\/terramicina\/"},"modified":"2025-06-18T12:25:47","modified_gmt":"2025-06-18T17:25:47","slug":"terramicina","status":"publish","type":"product","link":"https:\/\/colonos.eco.br\/variedadesdositio\/produto\/terramicina\/","title":{"rendered":"Terramicina"},"content":{"rendered":"<p>A terramicina al\u00e9m de cultivada como ornamental pelo colorido arroxeado de suas folhas e ramos, \u00e9 amplamente utilizada na medicina popular em quase todo o Brasil, conhecida como penicilina da terra, seus benef\u00edcios s\u00e3o not\u00f3rios.<br \/>\nA popula\u00e7\u00e3o da regi\u00e3o amaz\u00f4nica usa a infus\u00e3o das flores contra diarreia, inflama\u00e7\u00e3o e tosse (b\u00e9quica), enquanto a decoc\u00e7\u00e3o das folhas \u00e9 usada internamente em caso de derrame cerebral. O banho preparado com as folhas \u00e9 utilizado para \u201cdeslocamento de osso\u201d.<\/p>\n","protected":false},"excerpt":{"rendered":"<p>A terramicina \u00e9 uma planta medicinal, com belas folhas de cor roxa, muito utilizada em ch\u00e1s naturais antiinflamat\u00f3rios<\/p>\n","protected":false},"featured_media":5263,"template":"","meta":[],"product_brand":[],"product_cat":[91],"product_tag":[193,104],"class_list":{"0":"post-5073","1":"product","2":"type-product","3":"status-publish","4":"has-post-thumbnail","6":"product_cat-ervas-temperos","7":"product_tag-erva","8":"product_tag-medicinal","10":"first","11":"instock","12":"shipping-taxable","13":"product-type-simple"},"_links":{"self":[{"href":"https:\/\/colonos.eco.br\/variedadesdositio\/wp-json\/wp\/v2\/product\/5073","targetHints":{"allow":["GET"]}}],"collection":[{"href":"https:\/\/colonos.eco.br\/variedadesdositio\/wp-json\/wp\/v2\/product"}],"about":[{"href":"https:\/\/colonos.eco.br\/variedadesdositio\/wp-json\/wp\/v2\/types\/product"}],"wp:featuredmedia":[{"embeddable":true,"href":"https:\/\/colonos.eco.br\/variedadesdositio\/wp-json\/wp\/v2\/media\/5263"}],"wp:attachment":[{"href":"https:\/\/colonos.eco.br\/variedadesdositio\/wp-json\/wp\/v2\/media?parent=5073"}],"wp:term":[{"taxonomy":"product_brand","embeddable":true,"href":"https:\/\/colonos.eco.br\/variedadesdositio\/wp-json\/wp\/v2\/product_brand?post=5073"},{"taxonomy":"product_cat","embeddable":true,"href":"https:\/\/colonos.eco.br\/variedadesdositio\/wp-json\/wp\/v2\/product_cat?post=5073"},{"taxonomy":"product_tag","embeddable":true,"href":"https:\/\/colonos.eco.br\/variedadesdositio\/wp-json\/wp\/v2\/product_tag?post=5073"}],"curies":[{"name":"wp","href":"https:\/\/api.w.org\/{rel}","templated":true}]}}