{"id":5075,"date":"2022-04-11T04:42:18","date_gmt":"2022-04-11T04:42:18","guid":{"rendered":"https:\/\/colonos.eco.br\/variedadesdositio\/produto\/torresmo-de-porco\/"},"modified":"2025-06-18T12:25:48","modified_gmt":"2025-06-18T17:25:48","slug":"torresmo-de-porco","status":"publish","type":"product","link":"https:\/\/colonos.eco.br\/variedadesdositio\/produto\/torresmo-de-porco\/","title":{"rendered":"Torresmo de porco"},"content":{"rendered":"<p style=\"text-align: left\">Da fritura do toucinho, uma camada de couro, carne e muita gordura, geralmente retirada da barriga do porco. \u00c9 o excesso de gordura que deixa o petisco saboroso. &#8230; Nos tempos coloniais, os portugueses fritavam-no \u201ca seco\u201d mesmo, s\u00f3 para retirar a banha (a gordura), j\u00e1 que n\u00e3o existia \u00f3leo culin\u00e1rio.<\/p>\n","protected":false},"excerpt":{"rendered":"<p>Da fritura do toucinho, uma camada de couro, carne e muita gordura, geralmente retirada da barriga do porco.<\/p>\n","protected":false},"featured_media":6060,"template":"","meta":[],"product_brand":[],"product_cat":[157],"product_tag":[213,214,212,183],"class_list":{"0":"post-5075","1":"product","2":"type-product","3":"status-publish","4":"has-post-thumbnail","6":"product_cat-carnes-peixes","7":"product_tag-frito","8":"product_tag-pele","9":"product_tag-porco","10":"product_tag-suino","12":"first","13":"instock","14":"shipping-taxable","15":"product-type-simple"},"_links":{"self":[{"href":"https:\/\/colonos.eco.br\/variedadesdositio\/wp-json\/wp\/v2\/product\/5075","targetHints":{"allow":["GET"]}}],"collection":[{"href":"https:\/\/colonos.eco.br\/variedadesdositio\/wp-json\/wp\/v2\/product"}],"about":[{"href":"https:\/\/colonos.eco.br\/variedadesdositio\/wp-json\/wp\/v2\/types\/product"}],"wp:featuredmedia":[{"embeddable":true,"href":"https:\/\/colonos.eco.br\/variedadesdositio\/wp-json\/wp\/v2\/media\/6060"}],"wp:attachment":[{"href":"https:\/\/colonos.eco.br\/variedadesdositio\/wp-json\/wp\/v2\/media?parent=5075"}],"wp:term":[{"taxonomy":"product_brand","embeddable":true,"href":"https:\/\/colonos.eco.br\/variedadesdositio\/wp-json\/wp\/v2\/product_brand?post=5075"},{"taxonomy":"product_cat","embeddable":true,"href":"https:\/\/colonos.eco.br\/variedadesdositio\/wp-json\/wp\/v2\/product_cat?post=5075"},{"taxonomy":"product_tag","embeddable":true,"href":"https:\/\/colonos.eco.br\/variedadesdositio\/wp-json\/wp\/v2\/product_tag?post=5075"}],"curies":[{"name":"wp","href":"https:\/\/api.w.org\/{rel}","templated":true}]}}