{"id":5076,"date":"2022-04-11T04:42:19","date_gmt":"2022-04-11T04:42:19","guid":{"rendered":"https:\/\/colonos.eco.br\/variedadesdositio\/produto\/tucuma\/"},"modified":"2025-06-18T12:25:48","modified_gmt":"2025-06-18T17:25:48","slug":"tucuma","status":"publish","type":"product","link":"https:\/\/colonos.eco.br\/variedadesdositio\/produto\/tucuma\/","title":{"rendered":"Tucum\u00e3"},"content":{"rendered":"<p>O fruto do tucum\u00e3 \u00e9 composto por um caro\u00e7o lenhoso de cor quase preta, que cont\u00e9m uma am\u00eandoa de massa branca, oleaginosa, bastante dura e recoberta por uma polpa amarelo-alaranjada, de pouca consist\u00eancia e oleosa. O \u00f3leo da polpa do tucum\u00e3 \u00e9 usado para a fabrica\u00e7\u00e3o de sab\u00e3o. Aliem disso, pelas suas propriedades ricas em \u00f4mega 3,6 e 9, o \u00f3leo \u00e9 bastante empregado em produtos cosm\u00e9ticos para a hidrata\u00e7\u00e3o da pele, lo\u00e7\u00f5es corporais e produtos capilares para cabelos danificados<\/p>\n","protected":false},"excerpt":{"rendered":"<p>O fruto do tucum\u00e3 \u00e9 composto por propriedades ricas em \u00f4mega 3,6 e 9<\/p>\n","protected":false},"featured_media":6063,"template":"","meta":[],"product_brand":[],"product_cat":[152],"product_tag":[166,191],"class_list":{"0":"post-5076","1":"product","2":"type-product","3":"status-publish","4":"has-post-thumbnail","6":"product_cat-polpas-frutas","7":"product_tag-fruta","8":"product_tag-regional","10":"first","11":"instock","12":"shipping-taxable","13":"product-type-simple"},"_links":{"self":[{"href":"https:\/\/colonos.eco.br\/variedadesdositio\/wp-json\/wp\/v2\/product\/5076","targetHints":{"allow":["GET"]}}],"collection":[{"href":"https:\/\/colonos.eco.br\/variedadesdositio\/wp-json\/wp\/v2\/product"}],"about":[{"href":"https:\/\/colonos.eco.br\/variedadesdositio\/wp-json\/wp\/v2\/types\/product"}],"wp:featuredmedia":[{"embeddable":true,"href":"https:\/\/colonos.eco.br\/variedadesdositio\/wp-json\/wp\/v2\/media\/6063"}],"wp:attachment":[{"href":"https:\/\/colonos.eco.br\/variedadesdositio\/wp-json\/wp\/v2\/media?parent=5076"}],"wp:term":[{"taxonomy":"product_brand","embeddable":true,"href":"https:\/\/colonos.eco.br\/variedadesdositio\/wp-json\/wp\/v2\/product_brand?post=5076"},{"taxonomy":"product_cat","embeddable":true,"href":"https:\/\/colonos.eco.br\/variedadesdositio\/wp-json\/wp\/v2\/product_cat?post=5076"},{"taxonomy":"product_tag","embeddable":true,"href":"https:\/\/colonos.eco.br\/variedadesdositio\/wp-json\/wp\/v2\/product_tag?post=5076"}],"curies":[{"name":"wp","href":"https:\/\/api.w.org\/{rel}","templated":true}]}}