{"id":5077,"date":"2022-04-10T23:42:19","date_gmt":"2022-04-11T04:42:19","guid":{"rendered":"https:\/\/colonos.eco.br\/variedadesdositio\/produto\/tucupi-temperado\/"},"modified":"2025-06-18T12:25:48","modified_gmt":"2025-06-18T17:25:48","slug":"tucupi-temperado","status":"publish","type":"product","link":"https:\/\/colonos.eco.br\/variedadesdositio\/produto\/tucupi-temperado\/","title":{"rendered":"Tucupi Temperado"},"content":{"rendered":"<p>Um caldo amarelo, arom\u00e1tico e \u00e1cido, o tucupi \u00e9 extra\u00eddo da raiz da mandioca brava. O l\u00edquido que sai da mandioca ralada espremida, depois de separado do amido decantado, \u00e9 cozido com temperos e vira o tucupi. De origem ind\u00edgena, ele \u00e9 um dos ingredientes marcantes da cozinha do norte do Pa\u00eds e est\u00e1 em pratos tradicionais como o tacac\u00e1 e o pato no tucupi.<\/p>\n","protected":false},"excerpt":{"rendered":"<p>O tucupi tamb\u00e9m \u00e9 rico em provitamina A, que \u00e9 precursora da vitamina A, subst\u00e2ncia extremamente importante, pois \u00e9 ben\u00e9fica para o corpo e auxilia no desenvolvimento da vis\u00e3o e dos ossos.<\/p>\n","protected":false},"featured_media":6065,"template":"","meta":[],"product_brand":[],"product_cat":[111],"product_tag":[164,93,158],"class_list":{"0":"post-5077","1":"product","2":"type-product","3":"status-publish","4":"has-post-thumbnail","6":"product_cat-mercearia","7":"product_tag-molho","8":"product_tag-tempero","9":"product_tag-tucupi","11":"first","12":"instock","13":"shipping-taxable","14":"purchasable","15":"product-type-simple"},"_links":{"self":[{"href":"https:\/\/colonos.eco.br\/variedadesdositio\/wp-json\/wp\/v2\/product\/5077","targetHints":{"allow":["GET"]}}],"collection":[{"href":"https:\/\/colonos.eco.br\/variedadesdositio\/wp-json\/wp\/v2\/product"}],"about":[{"href":"https:\/\/colonos.eco.br\/variedadesdositio\/wp-json\/wp\/v2\/types\/product"}],"wp:featuredmedia":[{"embeddable":true,"href":"https:\/\/colonos.eco.br\/variedadesdositio\/wp-json\/wp\/v2\/media\/6065"}],"wp:attachment":[{"href":"https:\/\/colonos.eco.br\/variedadesdositio\/wp-json\/wp\/v2\/media?parent=5077"}],"wp:term":[{"taxonomy":"product_brand","embeddable":true,"href":"https:\/\/colonos.eco.br\/variedadesdositio\/wp-json\/wp\/v2\/product_brand?post=5077"},{"taxonomy":"product_cat","embeddable":true,"href":"https:\/\/colonos.eco.br\/variedadesdositio\/wp-json\/wp\/v2\/product_cat?post=5077"},{"taxonomy":"product_tag","embeddable":true,"href":"https:\/\/colonos.eco.br\/variedadesdositio\/wp-json\/wp\/v2\/product_tag?post=5077"}],"curies":[{"name":"wp","href":"https:\/\/api.w.org\/{rel}","templated":true}]}}