{"id":5078,"date":"2022-04-11T04:42:19","date_gmt":"2022-04-11T09:42:19","guid":{"rendered":"https:\/\/colonos.eco.br\/variedadesdositio\/produto\/vinagreira\/"},"modified":"2025-06-18T12:25:48","modified_gmt":"2025-06-18T17:25:48","slug":"vinagreira","status":"publish","type":"product","link":"https:\/\/colonos.eco.br\/variedadesdositio\/produto\/vinagreira\/","title":{"rendered":"Vinagreira"},"content":{"rendered":"<p>As folhas e c\u00e1lice da vinagreira podem ser consumidos em forma de ch\u00e1s ou sucos, ou serem utilizados como temperos ou para preparar doces, geleias e vinagre, por exemplo. As folhas e c\u00e1lice da vinagreira s\u00e3o ricas em vitamina A e C, ferro, f\u00f3sforo, ferro, prote\u00ednas, \u00e1cido m\u00e1lico, \u00e1cido tart\u00e1rico e antocianinas, o que garante as propriedades diur\u00e9tica, digestiva, antioxidante, antiespasm\u00f3dica, antiss\u00e9ptica, laxante, t\u00f4nica, vasodilatadora e sedativa.<\/p>\n","protected":false},"excerpt":{"rendered":"<p>A vinagreira, tamb\u00e9m conhecida como agri\u00e3o-de-guin\u00e9, azedinha, caruru-da-guin\u00e9, graxa-de-estudante, groselheira, hibisco ou papoula, \u00e9 uma planta medicinal rica em vitamina A e C, ferro, f\u00f3sforo e pot\u00e1ssio.<\/p>\n","protected":false},"featured_media":6066,"template":"","meta":[],"product_brand":[],"product_cat":[91],"product_tag":[193,104],"class_list":{"0":"post-5078","1":"product","2":"type-product","3":"status-publish","4":"has-post-thumbnail","6":"product_cat-ervas-temperos","7":"product_tag-erva","8":"product_tag-medicinal","10":"first","11":"instock","12":"shipping-taxable","13":"product-type-simple"},"_links":{"self":[{"href":"https:\/\/colonos.eco.br\/variedadesdositio\/wp-json\/wp\/v2\/product\/5078","targetHints":{"allow":["GET"]}}],"collection":[{"href":"https:\/\/colonos.eco.br\/variedadesdositio\/wp-json\/wp\/v2\/product"}],"about":[{"href":"https:\/\/colonos.eco.br\/variedadesdositio\/wp-json\/wp\/v2\/types\/product"}],"wp:featuredmedia":[{"embeddable":true,"href":"https:\/\/colonos.eco.br\/variedadesdositio\/wp-json\/wp\/v2\/media\/6066"}],"wp:attachment":[{"href":"https:\/\/colonos.eco.br\/variedadesdositio\/wp-json\/wp\/v2\/media?parent=5078"}],"wp:term":[{"taxonomy":"product_brand","embeddable":true,"href":"https:\/\/colonos.eco.br\/variedadesdositio\/wp-json\/wp\/v2\/product_brand?post=5078"},{"taxonomy":"product_cat","embeddable":true,"href":"https:\/\/colonos.eco.br\/variedadesdositio\/wp-json\/wp\/v2\/product_cat?post=5078"},{"taxonomy":"product_tag","embeddable":true,"href":"https:\/\/colonos.eco.br\/variedadesdositio\/wp-json\/wp\/v2\/product_tag?post=5078"}],"curies":[{"name":"wp","href":"https:\/\/api.w.org\/{rel}","templated":true}]}}