{"id":5523,"date":"2022-04-16T03:51:17","date_gmt":"2022-04-16T03:51:17","guid":{"rendered":"https:\/\/colonos.eco.br\/variedadesdositio\/produto\/bucha-vegetal\/"},"modified":"2025-06-18T12:10:01","modified_gmt":"2025-06-18T17:10:01","slug":"bucha-vegetal","status":"publish","type":"product","link":"https:\/\/colonos.eco.br\/variedadesdositio\/produto\/bucha-vegetal\/","title":{"rendered":"Bucha Vegetal"},"content":{"rendered":"<p>A bucha vegetal \u00e9 100% natural. \u00c9 o fruto seco da trepadeira Luffa cylindrica; Ideal para lou\u00e7as e superf\u00edcies; N\u00e3o risca e \u00e9 segura para acabamentos delicados;<\/p>\n","protected":false},"excerpt":{"rendered":"<p>A bucha vegetal \u00e9 100% natural. \u00c9 o fruto seco da trepadeira Luffa cylindrica; Ideal para lou\u00e7as e superf\u00edcies; N\u00e3o risca e \u00e9 segura para acabamentos delicados;<\/p>\n","protected":false},"featured_media":5813,"template":"","meta":[],"product_brand":[],"product_cat":[111],"product_tag":[87],"class_list":{"0":"post-5523","1":"product","2":"type-product","3":"status-publish","4":"has-post-thumbnail","6":"product_cat-mercearia","7":"product_tag-natural","9":"first","10":"instock","11":"shipping-taxable","12":"product-type-simple"},"_links":{"self":[{"href":"https:\/\/colonos.eco.br\/variedadesdositio\/wp-json\/wp\/v2\/product\/5523","targetHints":{"allow":["GET"]}}],"collection":[{"href":"https:\/\/colonos.eco.br\/variedadesdositio\/wp-json\/wp\/v2\/product"}],"about":[{"href":"https:\/\/colonos.eco.br\/variedadesdositio\/wp-json\/wp\/v2\/types\/product"}],"wp:featuredmedia":[{"embeddable":true,"href":"https:\/\/colonos.eco.br\/variedadesdositio\/wp-json\/wp\/v2\/media\/5813"}],"wp:attachment":[{"href":"https:\/\/colonos.eco.br\/variedadesdositio\/wp-json\/wp\/v2\/media?parent=5523"}],"wp:term":[{"taxonomy":"product_brand","embeddable":true,"href":"https:\/\/colonos.eco.br\/variedadesdositio\/wp-json\/wp\/v2\/product_brand?post=5523"},{"taxonomy":"product_cat","embeddable":true,"href":"https:\/\/colonos.eco.br\/variedadesdositio\/wp-json\/wp\/v2\/product_cat?post=5523"},{"taxonomy":"product_tag","embeddable":true,"href":"https:\/\/colonos.eco.br\/variedadesdositio\/wp-json\/wp\/v2\/product_tag?post=5523"}],"curies":[{"name":"wp","href":"https:\/\/api.w.org\/{rel}","templated":true}]}}