{"id":5524,"date":"2022-04-16T03:51:17","date_gmt":"2022-04-16T03:51:17","guid":{"rendered":"https:\/\/colonos.eco.br\/variedadesdositio\/produto\/cabeca-de-tambaqui\/"},"modified":"2025-06-18T12:10:01","modified_gmt":"2025-06-18T17:10:01","slug":"cabeca-de-tambaqui","status":"publish","type":"product","link":"https:\/\/colonos.eco.br\/variedadesdositio\/produto\/cabeca-de-tambaqui\/","title":{"rendered":"Cabe\u00e7a de Tambaqui"},"content":{"rendered":"<p>O Tambaqui \u00e9 um peixe bem grande, cuja espinha assemelha-se a um corte de costela. A Costela de Tambaqui \u00e9 a melhor op\u00e7\u00e3o pra quem ama um bom churrasco e gosta de impressionar e variar, trata-se da parte mais nobre desse peixe de carne bastante saborosa e rica em prote\u00ednas e gorduras polinsaturadas.<\/p>\n","protected":false},"excerpt":{"rendered":"<p>Cabe\u00e7a de tambaqui \u00e9 um corte excelente para ir no caldeirada ou cozido.<\/p>\n","protected":false},"featured_media":5099,"template":"","meta":[],"product_brand":[],"product_cat":[157],"product_tag":[177],"class_list":{"0":"post-5524","1":"product","2":"type-product","3":"status-publish","4":"has-post-thumbnail","6":"product_cat-carnes-peixes","7":"product_tag-pescado","9":"first","10":"instock","11":"shipping-taxable","12":"product-type-simple"},"_links":{"self":[{"href":"https:\/\/colonos.eco.br\/variedadesdositio\/wp-json\/wp\/v2\/product\/5524","targetHints":{"allow":["GET"]}}],"collection":[{"href":"https:\/\/colonos.eco.br\/variedadesdositio\/wp-json\/wp\/v2\/product"}],"about":[{"href":"https:\/\/colonos.eco.br\/variedadesdositio\/wp-json\/wp\/v2\/types\/product"}],"wp:featuredmedia":[{"embeddable":true,"href":"https:\/\/colonos.eco.br\/variedadesdositio\/wp-json\/wp\/v2\/media\/5099"}],"wp:attachment":[{"href":"https:\/\/colonos.eco.br\/variedadesdositio\/wp-json\/wp\/v2\/media?parent=5524"}],"wp:term":[{"taxonomy":"product_brand","embeddable":true,"href":"https:\/\/colonos.eco.br\/variedadesdositio\/wp-json\/wp\/v2\/product_brand?post=5524"},{"taxonomy":"product_cat","embeddable":true,"href":"https:\/\/colonos.eco.br\/variedadesdositio\/wp-json\/wp\/v2\/product_cat?post=5524"},{"taxonomy":"product_tag","embeddable":true,"href":"https:\/\/colonos.eco.br\/variedadesdositio\/wp-json\/wp\/v2\/product_tag?post=5524"}],"curies":[{"name":"wp","href":"https:\/\/api.w.org\/{rel}","templated":true}]}}