{"id":5532,"date":"2022-04-16T03:51:20","date_gmt":"2022-04-16T03:51:20","guid":{"rendered":"https:\/\/colonos.eco.br\/variedadesdositio\/produto\/matrinxa\/"},"modified":"2025-06-18T12:23:25","modified_gmt":"2025-06-18T17:23:25","slug":"matrinxa","status":"publish","type":"product","link":"https:\/\/colonos.eco.br\/variedadesdositio\/produto\/matrinxa\/","title":{"rendered":"Matrinx\u00e3"},"content":{"rendered":"<p>O peixe de cultivo \u00e9 uma prote\u00edna saborosa e saud\u00e1vel, rica em nutrientes importantes e, devido \u00e0 diversidade de esp\u00e9cies, bastante acess\u00edvel a consumidores de diferentes perfis. Os peixes de consumo representam uma \u00f3tima fonte de gordura boa, prote\u00ednas e minerais. O seu preparo \u00e9 simples. H\u00e1 receitas pr\u00e1ticas, inclusive para quem n\u00e3o \u00e9 especialista na cozinha. Seja assado, no forno, frito e at\u00e9 cru com tempero caseiro, os peixes ficam irresist\u00edveis e saborosos.<\/p>\n","protected":false},"excerpt":{"rendered":"<p>O matrinx\u00e3,  vai bem frito, assado ou em escabeche.<\/p>\n","protected":false},"featured_media":5951,"template":"","meta":[],"product_brand":[],"product_cat":[157],"product_tag":[177],"class_list":{"0":"post-5532","1":"product","2":"type-product","3":"status-publish","4":"has-post-thumbnail","6":"product_cat-carnes-peixes","7":"product_tag-pescado","9":"first","10":"instock","11":"shipping-taxable","12":"product-type-simple"},"_links":{"self":[{"href":"https:\/\/colonos.eco.br\/variedadesdositio\/wp-json\/wp\/v2\/product\/5532","targetHints":{"allow":["GET"]}}],"collection":[{"href":"https:\/\/colonos.eco.br\/variedadesdositio\/wp-json\/wp\/v2\/product"}],"about":[{"href":"https:\/\/colonos.eco.br\/variedadesdositio\/wp-json\/wp\/v2\/types\/product"}],"wp:featuredmedia":[{"embeddable":true,"href":"https:\/\/colonos.eco.br\/variedadesdositio\/wp-json\/wp\/v2\/media\/5951"}],"wp:attachment":[{"href":"https:\/\/colonos.eco.br\/variedadesdositio\/wp-json\/wp\/v2\/media?parent=5532"}],"wp:term":[{"taxonomy":"product_brand","embeddable":true,"href":"https:\/\/colonos.eco.br\/variedadesdositio\/wp-json\/wp\/v2\/product_brand?post=5532"},{"taxonomy":"product_cat","embeddable":true,"href":"https:\/\/colonos.eco.br\/variedadesdositio\/wp-json\/wp\/v2\/product_cat?post=5532"},{"taxonomy":"product_tag","embeddable":true,"href":"https:\/\/colonos.eco.br\/variedadesdositio\/wp-json\/wp\/v2\/product_tag?post=5532"}],"curies":[{"name":"wp","href":"https:\/\/api.w.org\/{rel}","templated":true}]}}