{"id":5534,"date":"2022-04-16T03:51:21","date_gmt":"2022-04-16T03:51:21","guid":{"rendered":"https:\/\/colonos.eco.br\/variedadesdositio\/produto\/piau-acu\/"},"modified":"2025-06-18T12:24:27","modified_gmt":"2025-06-18T17:24:27","slug":"piau-acu","status":"publish","type":"product","link":"https:\/\/colonos.eco.br\/variedadesdositio\/produto\/piau-acu\/","title":{"rendered":"Piau A\u00e7u"},"content":{"rendered":"<p>Piau-\u00e9 um peixe de escamas, muito importante para a pesca de subsist\u00eancia e para o com\u00e9rcio local, mercados e feiras. Possui colora\u00e7\u00e3o prata, com 3 manchas escuras nos flancos. Da\u00ed o seu nome. Tem nadadeiras ligeiramente douradas e nadadeira caudal escura. Possui dentes em forma de pin\u00e7a. Pode alcan\u00e7ar 40 cm de comprimento e 2 kg de peso.<\/p>\n","protected":false},"excerpt":{"rendered":"<p>O peixe fornece vitamina B12, c\u00e1lcio, prote\u00ednas e \u00f4mega 3<\/p>\n","protected":false},"featured_media":5996,"template":"","meta":[],"product_brand":[],"product_cat":[157],"product_tag":[177],"class_list":{"0":"post-5534","1":"product","2":"type-product","3":"status-publish","4":"has-post-thumbnail","6":"product_cat-carnes-peixes","7":"product_tag-pescado","9":"first","10":"instock","11":"shipping-taxable","12":"product-type-simple"},"_links":{"self":[{"href":"https:\/\/colonos.eco.br\/variedadesdositio\/wp-json\/wp\/v2\/product\/5534","targetHints":{"allow":["GET"]}}],"collection":[{"href":"https:\/\/colonos.eco.br\/variedadesdositio\/wp-json\/wp\/v2\/product"}],"about":[{"href":"https:\/\/colonos.eco.br\/variedadesdositio\/wp-json\/wp\/v2\/types\/product"}],"wp:featuredmedia":[{"embeddable":true,"href":"https:\/\/colonos.eco.br\/variedadesdositio\/wp-json\/wp\/v2\/media\/5996"}],"wp:attachment":[{"href":"https:\/\/colonos.eco.br\/variedadesdositio\/wp-json\/wp\/v2\/media?parent=5534"}],"wp:term":[{"taxonomy":"product_brand","embeddable":true,"href":"https:\/\/colonos.eco.br\/variedadesdositio\/wp-json\/wp\/v2\/product_brand?post=5534"},{"taxonomy":"product_cat","embeddable":true,"href":"https:\/\/colonos.eco.br\/variedadesdositio\/wp-json\/wp\/v2\/product_cat?post=5534"},{"taxonomy":"product_tag","embeddable":true,"href":"https:\/\/colonos.eco.br\/variedadesdositio\/wp-json\/wp\/v2\/product_tag?post=5534"}],"curies":[{"name":"wp","href":"https:\/\/api.w.org\/{rel}","templated":true}]}}