{"id":5535,"date":"2022-04-16T03:51:21","date_gmt":"2022-04-16T03:51:21","guid":{"rendered":"https:\/\/colonos.eco.br\/variedadesdositio\/produto\/rambutan\/"},"modified":"2025-06-18T12:25:21","modified_gmt":"2025-06-18T17:25:21","slug":"rambutan","status":"publish","type":"product","link":"https:\/\/colonos.eco.br\/variedadesdositio\/produto\/rambutan\/","title":{"rendered":"Rambutan"},"content":{"rendered":"<p>Seu gosto \u00e9 levemente azedo, lembrando a uva e a lichia. O gomo do rambutan \u00e9 carnudo, branco e redondo. Devido \u00e0 facilidade de extra\u00e7\u00e3o da casca, o desperd\u00edcio de nutrientes \u00e9 quase nulo. A colora\u00e7\u00e3o da fruta \u00e9 o principal indicativo para quando est\u00e3o maduras. O rambutan nasce verde e vai avermelhando conforme seu amadurecimento. No entanto, pode assumir outras tonalidades ao chegar nessa fase, como amarelo e laranja.<\/p>\n","protected":false},"excerpt":{"rendered":"<p>A fruta pode ser consumida in natura, em forma de geleia, de ch\u00e1, suco ou at\u00e9 ter suas sementes assadas.<\/p>\n","protected":false},"featured_media":7943,"template":"","meta":[],"product_brand":[],"product_cat":[152],"product_tag":[166],"class_list":{"0":"post-5535","1":"product","2":"type-product","3":"status-publish","4":"has-post-thumbnail","6":"product_cat-polpas-frutas","7":"product_tag-fruta","9":"first","10":"instock","11":"shipping-taxable","12":"product-type-simple"},"_links":{"self":[{"href":"https:\/\/colonos.eco.br\/variedadesdositio\/wp-json\/wp\/v2\/product\/5535","targetHints":{"allow":["GET"]}}],"collection":[{"href":"https:\/\/colonos.eco.br\/variedadesdositio\/wp-json\/wp\/v2\/product"}],"about":[{"href":"https:\/\/colonos.eco.br\/variedadesdositio\/wp-json\/wp\/v2\/types\/product"}],"wp:featuredmedia":[{"embeddable":true,"href":"https:\/\/colonos.eco.br\/variedadesdositio\/wp-json\/wp\/v2\/media\/7943"}],"wp:attachment":[{"href":"https:\/\/colonos.eco.br\/variedadesdositio\/wp-json\/wp\/v2\/media?parent=5535"}],"wp:term":[{"taxonomy":"product_brand","embeddable":true,"href":"https:\/\/colonos.eco.br\/variedadesdositio\/wp-json\/wp\/v2\/product_brand?post=5535"},{"taxonomy":"product_cat","embeddable":true,"href":"https:\/\/colonos.eco.br\/variedadesdositio\/wp-json\/wp\/v2\/product_cat?post=5535"},{"taxonomy":"product_tag","embeddable":true,"href":"https:\/\/colonos.eco.br\/variedadesdositio\/wp-json\/wp\/v2\/product_tag?post=5535"}],"curies":[{"name":"wp","href":"https:\/\/api.w.org\/{rel}","templated":true}]}}