{"id":5536,"date":"2022-04-16T03:51:22","date_gmt":"2022-04-16T03:51:22","guid":{"rendered":"https:\/\/colonos.eco.br\/variedadesdositio\/produto\/surubim\/"},"modified":"2025-06-18T12:25:21","modified_gmt":"2025-06-18T17:25:21","slug":"surubim","status":"publish","type":"product","link":"https:\/\/colonos.eco.br\/variedadesdositio\/produto\/surubim\/","title":{"rendered":"Surubim"},"content":{"rendered":"<p>\u00c9 um peixe de h\u00e1bitos noturnos e pisc\u00edvoro, sendo encontrado geralmente nas partes mais fundas dos rios. Se alimenta de pequenos peixes como piaus, curimbat\u00e1s e mandis. Podem ser utilizadas, como iscas, as tuviras, fil\u00e9s de peixes e minhocu\u00e7u. O pintado da Bacia do Prata pode chegar a 50 kg de peso, e chega a ultrapassar os 100kg no Rio Paran\u00e1 (na parte argentina, pois na parte brasileira os pintados foram parcialmente dezimados pela pesca predat\u00f3ria).<\/p>\n<p>Manuseio deve ser feito com cuidado, pois possuem espinhos nas nadadeiras. Quando fisgado, procura esconder-se em tocas sob as pedras e paus. Sendo sua carne bastante apreciada, o pintado \u00e9 bastante procurado por pescadores, o que contribui para a redu\u00e7\u00e3o dos seus estoques.<br \/>\nVive em entradas de corixos, po\u00e7os profundos e leito dos rios.<\/p>\n","protected":false},"excerpt":{"rendered":"<p>O surubim faz parte do grupo de peixes nobres: carne branca, n\u00e3o tem escamas e possui sabor equilibrado, agrad\u00e1vel ao paladar.<\/p>\n","protected":false},"featured_media":0,"template":"","meta":[],"product_brand":[],"product_cat":[157],"product_tag":[207,177,208],"class_list":{"0":"post-5536","1":"product","2":"type-product","3":"status-publish","5":"product_cat-carnes-peixes","6":"product_tag-peixe-de-couro","7":"product_tag-pescado","8":"product_tag-proteina","10":"first","11":"instock","12":"shipping-taxable","13":"product-type-simple"},"_links":{"self":[{"href":"https:\/\/colonos.eco.br\/variedadesdositio\/wp-json\/wp\/v2\/product\/5536","targetHints":{"allow":["GET"]}}],"collection":[{"href":"https:\/\/colonos.eco.br\/variedadesdositio\/wp-json\/wp\/v2\/product"}],"about":[{"href":"https:\/\/colonos.eco.br\/variedadesdositio\/wp-json\/wp\/v2\/types\/product"}],"wp:attachment":[{"href":"https:\/\/colonos.eco.br\/variedadesdositio\/wp-json\/wp\/v2\/media?parent=5536"}],"wp:term":[{"taxonomy":"product_brand","embeddable":true,"href":"https:\/\/colonos.eco.br\/variedadesdositio\/wp-json\/wp\/v2\/product_brand?post=5536"},{"taxonomy":"product_cat","embeddable":true,"href":"https:\/\/colonos.eco.br\/variedadesdositio\/wp-json\/wp\/v2\/product_cat?post=5536"},{"taxonomy":"product_tag","embeddable":true,"href":"https:\/\/colonos.eco.br\/variedadesdositio\/wp-json\/wp\/v2\/product_tag?post=5536"}],"curies":[{"name":"wp","href":"https:\/\/api.w.org\/{rel}","templated":true}]}}