{"id":5537,"date":"2022-04-16T03:51:22","date_gmt":"2022-04-16T03:51:22","guid":{"rendered":"https:\/\/colonos.eco.br\/variedadesdositio\/produto\/tilapia\/"},"modified":"2025-06-18T12:25:47","modified_gmt":"2025-06-18T17:25:47","slug":"tilapia","status":"publish","type":"product","link":"https:\/\/colonos.eco.br\/variedadesdositio\/produto\/tilapia\/","title":{"rendered":"Til\u00e1pia"},"content":{"rendered":"<p>A til\u00e1pia \u00e9 rica em prote\u00ednas com pouca gordura, diferente de outras fontes mais comuns do macronutriente, como a carne bovina e o frango. Consistente e muito saborosa, a til\u00e1pia \u00e9 conhecida por sua versatilidade: pode ser preparada, por exemplo, em um churrasco mais saud\u00e1vel, de forma assada, grelhada, frita, cozida- com ou sem molho! Por ser uma carne neutra, ela agrada os mais variados paladares e d\u00e1 liberdade imensa na escolha de seus acompanhamentos. Essa combina\u00e7\u00e3o faz dela um excelente curinga nas dietas alimentares, podendo ser consumida at\u00e9 duas vezes por semana.<\/p>\n","protected":false},"excerpt":{"rendered":"<p>Saborosa, vers\u00e1til e de f\u00e1cil digest\u00e3o, a til\u00e1pia traz diversos benef\u00edcios para nosso organismo, sendo uma \u00f3tima op\u00e7\u00e3o para quem adora um bom peixe na alimenta\u00e7\u00e3o.<\/p>\n","protected":false},"featured_media":0,"template":"","meta":[],"product_brand":[],"product_cat":[157],"product_tag":[210,177,208],"class_list":{"0":"post-5537","1":"product","2":"type-product","3":"status-publish","5":"product_cat-carnes-peixes","6":"product_tag-peixe-de-escama","7":"product_tag-pescado","8":"product_tag-proteina","10":"first","11":"instock","12":"shipping-taxable","13":"product-type-simple"},"_links":{"self":[{"href":"https:\/\/colonos.eco.br\/variedadesdositio\/wp-json\/wp\/v2\/product\/5537","targetHints":{"allow":["GET"]}}],"collection":[{"href":"https:\/\/colonos.eco.br\/variedadesdositio\/wp-json\/wp\/v2\/product"}],"about":[{"href":"https:\/\/colonos.eco.br\/variedadesdositio\/wp-json\/wp\/v2\/types\/product"}],"wp:attachment":[{"href":"https:\/\/colonos.eco.br\/variedadesdositio\/wp-json\/wp\/v2\/media?parent=5537"}],"wp:term":[{"taxonomy":"product_brand","embeddable":true,"href":"https:\/\/colonos.eco.br\/variedadesdositio\/wp-json\/wp\/v2\/product_brand?post=5537"},{"taxonomy":"product_cat","embeddable":true,"href":"https:\/\/colonos.eco.br\/variedadesdositio\/wp-json\/wp\/v2\/product_cat?post=5537"},{"taxonomy":"product_tag","embeddable":true,"href":"https:\/\/colonos.eco.br\/variedadesdositio\/wp-json\/wp\/v2\/product_tag?post=5537"}],"curies":[{"name":"wp","href":"https:\/\/api.w.org\/{rel}","templated":true}]}}