{"id":5538,"date":"2022-04-16T03:51:22","date_gmt":"2022-04-16T03:51:22","guid":{"rendered":"https:\/\/colonos.eco.br\/variedadesdositio\/produto\/traira\/"},"modified":"2025-06-18T12:25:48","modified_gmt":"2025-06-18T17:25:48","slug":"traira","status":"publish","type":"product","link":"https:\/\/colonos.eco.br\/variedadesdositio\/produto\/traira\/","title":{"rendered":"Tra\u00edra"},"content":{"rendered":"<p>A Tra\u00edra \u00e9 um peixe de escamas. Possui corpo cil\u00edndrico, boca grande, olhos grandes e nadadeiras arredondadas, exceto a dorsal. Sua colora\u00e7\u00e3o \u00e9 marrom ou preta manchada de cinza. Possui dentes poderosos e afiad\u00edssimos. Sua l\u00edngua \u00e9 \u00e1spera ao tato, o que a diferencia do trair\u00e3o, que apresenta a l\u00edngua lisa. \u00c9 um peixe utilizado em a\u00e7udes e represas como controlador de popula\u00e7\u00f5es demasiadamente prol\u00edficas, como til\u00e1pias e piabas. Tem alta resist\u00eancia a locais com pouco oxig\u00eanio<\/p>\n","protected":false},"excerpt":{"rendered":"<p>Peixe rico em c\u00e1lcio e f\u00f3sforo.<\/p>\n","protected":false},"featured_media":0,"template":"","meta":[],"product_brand":[],"product_cat":[157],"product_tag":[210,177,208],"class_list":{"0":"post-5538","1":"product","2":"type-product","3":"status-publish","5":"product_cat-carnes-peixes","6":"product_tag-peixe-de-escama","7":"product_tag-pescado","8":"product_tag-proteina","10":"first","11":"instock","12":"shipping-taxable","13":"product-type-simple"},"_links":{"self":[{"href":"https:\/\/colonos.eco.br\/variedadesdositio\/wp-json\/wp\/v2\/product\/5538","targetHints":{"allow":["GET"]}}],"collection":[{"href":"https:\/\/colonos.eco.br\/variedadesdositio\/wp-json\/wp\/v2\/product"}],"about":[{"href":"https:\/\/colonos.eco.br\/variedadesdositio\/wp-json\/wp\/v2\/types\/product"}],"wp:attachment":[{"href":"https:\/\/colonos.eco.br\/variedadesdositio\/wp-json\/wp\/v2\/media?parent=5538"}],"wp:term":[{"taxonomy":"product_brand","embeddable":true,"href":"https:\/\/colonos.eco.br\/variedadesdositio\/wp-json\/wp\/v2\/product_brand?post=5538"},{"taxonomy":"product_cat","embeddable":true,"href":"https:\/\/colonos.eco.br\/variedadesdositio\/wp-json\/wp\/v2\/product_cat?post=5538"},{"taxonomy":"product_tag","embeddable":true,"href":"https:\/\/colonos.eco.br\/variedadesdositio\/wp-json\/wp\/v2\/product_tag?post=5538"}],"curies":[{"name":"wp","href":"https:\/\/api.w.org\/{rel}","templated":true}]}}