{"id":5572,"date":"2022-04-18T10:39:00","date_gmt":"2022-04-18T15:39:00","guid":{"rendered":"https:\/\/colonos.eco.br\/variedadesdositio\/produto\/frutapao\/"},"modified":"2025-06-18T12:11:44","modified_gmt":"2025-06-18T17:11:44","slug":"frutapao","status":"publish","type":"product","link":"https:\/\/colonos.eco.br\/variedadesdositio\/produto\/frutapao\/","title":{"rendered":"Frutap\u00e3o Cozido"},"content":{"rendered":"<p>Parente da jaca, o fruto \u00e9 vers\u00e1til e pode ser consumido cru ou em receitas cozidas, assadas, fritas, entre outras formas. Uma caracter\u00edstica bem comum das frutas \u00e9 ter uma polpa bem fibrosa, Embora seja parente da jaca, a fruta-p\u00e3o possui uma quantidade ainda maior de vitamina C. O nutriente \u00e9 um poderoso antioxidante. Por fim, a fruta-p\u00e3o \u00e9 rica em vitaminas B1 e B2. A primeira, chamada tiamina, melhora a fun\u00e7\u00e3o cognitiva e previne problemas cardiovasculares. J\u00e1 a segunda, a riboflavina, transforma lip\u00eddios, prote\u00ednas e carboidratos em energia, e por isso tamb\u00e9m \u00e9 indicada para quem faz exerc\u00edcios.<\/p>\n","protected":false},"excerpt":{"rendered":"<p>A fruta-p\u00e3o (Artocarpus altilis), tamb\u00e9m conhecida como jaca-de-pobre, tem origem asi\u00e1tica. As frutas podem ser consumidas cozidas, fritas, refogadas e assadas, em pratos salgados, ou in natura.<\/p>\n","protected":false},"featured_media":6281,"template":"","meta":[],"product_brand":[],"product_cat":[152],"product_tag":[166],"class_list":{"0":"post-5572","1":"product","2":"type-product","3":"status-publish","4":"has-post-thumbnail","6":"product_cat-polpas-frutas","7":"product_tag-fruta","9":"first","10":"instock","11":"featured","12":"shipping-taxable","13":"product-type-simple"},"_links":{"self":[{"href":"https:\/\/colonos.eco.br\/variedadesdositio\/wp-json\/wp\/v2\/product\/5572","targetHints":{"allow":["GET"]}}],"collection":[{"href":"https:\/\/colonos.eco.br\/variedadesdositio\/wp-json\/wp\/v2\/product"}],"about":[{"href":"https:\/\/colonos.eco.br\/variedadesdositio\/wp-json\/wp\/v2\/types\/product"}],"wp:featuredmedia":[{"embeddable":true,"href":"https:\/\/colonos.eco.br\/variedadesdositio\/wp-json\/wp\/v2\/media\/6281"}],"wp:attachment":[{"href":"https:\/\/colonos.eco.br\/variedadesdositio\/wp-json\/wp\/v2\/media?parent=5572"}],"wp:term":[{"taxonomy":"product_brand","embeddable":true,"href":"https:\/\/colonos.eco.br\/variedadesdositio\/wp-json\/wp\/v2\/product_brand?post=5572"},{"taxonomy":"product_cat","embeddable":true,"href":"https:\/\/colonos.eco.br\/variedadesdositio\/wp-json\/wp\/v2\/product_cat?post=5572"},{"taxonomy":"product_tag","embeddable":true,"href":"https:\/\/colonos.eco.br\/variedadesdositio\/wp-json\/wp\/v2\/product_tag?post=5572"}],"curies":[{"name":"wp","href":"https:\/\/api.w.org\/{rel}","templated":true}]}}