{"id":6129,"date":"2022-04-30T17:45:44","date_gmt":"2022-04-30T22:45:44","guid":{"rendered":"https:\/\/colonos.eco.br\/variedadesdositio\/produto\/polpa-de-tamarino-2\/"},"modified":"2025-06-18T12:25:21","modified_gmt":"2025-06-18T17:25:21","slug":"polpa-de-tamarino-2","status":"publish","type":"product","link":"https:\/\/colonos.eco.br\/variedadesdositio\/produto\/polpa-de-tamarino-2\/","title":{"rendered":"Polpa de Tamarino"},"content":{"rendered":"<p>O tamarindo \u00e9 uma fruta rica em vitaminas C, E e tamb\u00e9m em vitaminas do complexo B, al\u00e9m de ser fonte de c\u00e1lcio, ferro, f\u00f3sforo, mangan\u00eas e pot\u00e1ssio. E tem mais, ele pode ser usado no tratamento de problemas digestivos como, por exemplo, na pris\u00e3o de ventre, e tamb\u00e9m atua como anti-inflamat\u00f3rio e antioxidante.<br \/>\nOutro benef\u00edcio do tamarindo \u00e9 que ele previne doen\u00e7as do cora\u00e7\u00e3o, pois ajuda a baixar os n\u00edveis de colesterol no sangue. Ele pode ser encontrado nas feiras no formato da pr\u00f3pria fruta, mas tamb\u00e9m \u00e9 poss\u00edvel compr\u00e1-lo na forma de polpa. A polpa do tamarindo pode ser usada para o preparo de doces, molhos, sucos e geleias.<\/p>\n","protected":false},"excerpt":{"rendered":"<p>Fruta de sabor agridoce, refrescante e adstringente, \u00e9 altamente nutritivo por possuir um alto teor de prote\u00ednas, glic\u00eddios e elementos minerais. <\/p>\n","protected":false},"featured_media":6306,"template":"","meta":[],"product_brand":[],"product_cat":[152],"product_tag":[88],"class_list":{"0":"post-6129","1":"product","2":"type-product","3":"status-publish","4":"has-post-thumbnail","6":"product_cat-polpas-frutas","7":"product_tag-polpa","9":"first","10":"instock","11":"shipping-taxable","12":"product-type-simple"},"_links":{"self":[{"href":"https:\/\/colonos.eco.br\/variedadesdositio\/wp-json\/wp\/v2\/product\/6129","targetHints":{"allow":["GET"]}}],"collection":[{"href":"https:\/\/colonos.eco.br\/variedadesdositio\/wp-json\/wp\/v2\/product"}],"about":[{"href":"https:\/\/colonos.eco.br\/variedadesdositio\/wp-json\/wp\/v2\/types\/product"}],"wp:featuredmedia":[{"embeddable":true,"href":"https:\/\/colonos.eco.br\/variedadesdositio\/wp-json\/wp\/v2\/media\/6306"}],"wp:attachment":[{"href":"https:\/\/colonos.eco.br\/variedadesdositio\/wp-json\/wp\/v2\/media?parent=6129"}],"wp:term":[{"taxonomy":"product_brand","embeddable":true,"href":"https:\/\/colonos.eco.br\/variedadesdositio\/wp-json\/wp\/v2\/product_brand?post=6129"},{"taxonomy":"product_cat","embeddable":true,"href":"https:\/\/colonos.eco.br\/variedadesdositio\/wp-json\/wp\/v2\/product_cat?post=6129"},{"taxonomy":"product_tag","embeddable":true,"href":"https:\/\/colonos.eco.br\/variedadesdositio\/wp-json\/wp\/v2\/product_tag?post=6129"}],"curies":[{"name":"wp","href":"https:\/\/api.w.org\/{rel}","templated":true}]}}