{"id":6181,"date":"2022-04-30T23:06:05","date_gmt":"2022-05-01T04:06:05","guid":{"rendered":"https:\/\/colonos.eco.br\/variedadesdositio\/produto\/limao-taiti\/"},"modified":"2025-06-18T12:12:52","modified_gmt":"2025-06-18T17:12:52","slug":"limao-taiti","status":"publish","type":"product","link":"https:\/\/colonos.eco.br\/variedadesdositio\/produto\/limao-taiti\/","title":{"rendered":"Lim\u00e3o Taiti"},"content":{"rendered":"<p>\u00c9 apreciado, tamb\u00e9m, na prepara\u00e7\u00e3o de bolos e doces em geral, sem falar na famosa caipirinha brasileira. Suas propriedades medicinais s\u00e3o tantas que \u00e9 dif\u00edcil enumer\u00e1-las. Al\u00e9m de  fonte poderosa de vitamina C, aos lim\u00f5es s\u00e3o atribu\u00eddos v\u00e1rios poderes curativos, entre os quais o de atuar como antibi\u00f3tico natural e como regulador das taxas de colesterol do organismo. Cont\u00e9m ainda uma subst\u00e2ncia chamada \u201climonemo\u201d que combate os radicais livres, ajuda na manuten\u00e7\u00e3o do col\u00e1geno, da hemoglobina e atua como antiss\u00e9ptico.<\/p>\n","protected":false},"excerpt":{"rendered":"<p>Lim\u00e3o Taiti (Tahiti), \u00e9 conhecido por ser o principal ingrediente da caipirinha, o lim\u00e3o taiti \u00e9 o tipo mais comercializado no Brasil. \u00c9 usado na culin\u00e1ria como tempero para peixes, frutos do mar, carnes de embutidos, aves e saladas.<\/p>\n","protected":false},"featured_media":6300,"template":"","meta":[],"product_brand":[],"product_cat":[152],"product_tag":[166],"class_list":{"0":"post-6181","1":"product","2":"type-product","3":"status-publish","4":"has-post-thumbnail","6":"product_cat-polpas-frutas","7":"product_tag-fruta","9":"first","10":"instock","11":"shipping-taxable","12":"purchasable","13":"product-type-simple"},"_links":{"self":[{"href":"https:\/\/colonos.eco.br\/variedadesdositio\/wp-json\/wp\/v2\/product\/6181","targetHints":{"allow":["GET"]}}],"collection":[{"href":"https:\/\/colonos.eco.br\/variedadesdositio\/wp-json\/wp\/v2\/product"}],"about":[{"href":"https:\/\/colonos.eco.br\/variedadesdositio\/wp-json\/wp\/v2\/types\/product"}],"wp:featuredmedia":[{"embeddable":true,"href":"https:\/\/colonos.eco.br\/variedadesdositio\/wp-json\/wp\/v2\/media\/6300"}],"wp:attachment":[{"href":"https:\/\/colonos.eco.br\/variedadesdositio\/wp-json\/wp\/v2\/media?parent=6181"}],"wp:term":[{"taxonomy":"product_brand","embeddable":true,"href":"https:\/\/colonos.eco.br\/variedadesdositio\/wp-json\/wp\/v2\/product_brand?post=6181"},{"taxonomy":"product_cat","embeddable":true,"href":"https:\/\/colonos.eco.br\/variedadesdositio\/wp-json\/wp\/v2\/product_cat?post=6181"},{"taxonomy":"product_tag","embeddable":true,"href":"https:\/\/colonos.eco.br\/variedadesdositio\/wp-json\/wp\/v2\/product_tag?post=6181"}],"curies":[{"name":"wp","href":"https:\/\/api.w.org\/{rel}","templated":true}]}}