{"id":6182,"date":"2022-04-30T23:06:06","date_gmt":"2022-05-01T04:06:06","guid":{"rendered":"https:\/\/colonos.eco.br\/variedadesdositio\/produto\/mamao\/"},"modified":"2025-06-18T12:23:25","modified_gmt":"2025-06-18T17:23:25","slug":"mamao","status":"publish","type":"product","link":"https:\/\/colonos.eco.br\/variedadesdositio\/produto\/mamao\/","title":{"rendered":"Mam\u00e3o"},"content":{"rendered":"<p>Mam\u00e3o comum \u00e9 um fruto tropical muito consumido no Brasil. Ele apresenta uma polpa delicada e saborosa, de cor vermelho alaranjada, com formato alongado e casca mais espessa. Existem diversos tipos de mam\u00e3o e, no Brasil, os mais conhecidos s\u00e3o o mam\u00e3o papaia e o comum. O mam\u00e3o formosa nasce no mamoeiro, uma \u00e1rvore que pode chegar a 8 metros de altura. Ela possui folhas grandes sustentada por grandes pec\u00edolos.<br \/>\nBenef\u00edcios: melhoram o tr\u00e2nsito intestinal, facilitam a digest\u00e3o, fortalecem o sistema imune, ajudam no funcionamento do sistema nervoso, na perda de peso e evitam o envelhecimento precoce. Ricos em vitamina A, C e E. magn\u00e9sio, pot\u00e1ssio, sel\u00eanio.<\/p>\n","protected":false},"excerpt":{"rendered":"<p>A fruta \u00e9 uma fonte rica em nutrientes. \u00c9 consumido maduro ou verde, sendo esse utilizado em saladas, suas sementes tamb\u00e9m s\u00e3o comest\u00edveis, ricas em gorduras e prote\u00ednas.<\/p>\n","protected":false},"featured_media":5937,"template":"","meta":[],"product_brand":[],"product_cat":[152],"product_tag":[166],"class_list":{"0":"post-6182","1":"product","2":"type-product","3":"status-publish","4":"has-post-thumbnail","6":"product_cat-polpas-frutas","7":"product_tag-fruta","9":"first","10":"instock","11":"shipping-taxable","12":"product-type-simple"},"_links":{"self":[{"href":"https:\/\/colonos.eco.br\/variedadesdositio\/wp-json\/wp\/v2\/product\/6182","targetHints":{"allow":["GET"]}}],"collection":[{"href":"https:\/\/colonos.eco.br\/variedadesdositio\/wp-json\/wp\/v2\/product"}],"about":[{"href":"https:\/\/colonos.eco.br\/variedadesdositio\/wp-json\/wp\/v2\/types\/product"}],"wp:featuredmedia":[{"embeddable":true,"href":"https:\/\/colonos.eco.br\/variedadesdositio\/wp-json\/wp\/v2\/media\/5937"}],"wp:attachment":[{"href":"https:\/\/colonos.eco.br\/variedadesdositio\/wp-json\/wp\/v2\/media?parent=6182"}],"wp:term":[{"taxonomy":"product_brand","embeddable":true,"href":"https:\/\/colonos.eco.br\/variedadesdositio\/wp-json\/wp\/v2\/product_brand?post=6182"},{"taxonomy":"product_cat","embeddable":true,"href":"https:\/\/colonos.eco.br\/variedadesdositio\/wp-json\/wp\/v2\/product_cat?post=6182"},{"taxonomy":"product_tag","embeddable":true,"href":"https:\/\/colonos.eco.br\/variedadesdositio\/wp-json\/wp\/v2\/product_tag?post=6182"}],"curies":[{"name":"wp","href":"https:\/\/api.w.org\/{rel}","templated":true}]}}