{"id":6467,"date":"2022-05-08T10:36:46","date_gmt":"2022-05-08T15:36:46","guid":{"rendered":"https:\/\/colonos.eco.br\/variedadesdositio\/produto\/jambo\/"},"modified":"2025-06-18T12:12:51","modified_gmt":"2025-06-18T17:12:51","slug":"jambo","status":"publish","type":"product","link":"https:\/\/colonos.eco.br\/variedadesdositio\/produto\/jambo\/","title":{"rendered":"Jambo"},"content":{"rendered":"<p>Da mesma fam\u00edlia da pitangueira, da jabuticabeira e da goiabeira, o jambeiro rosa \u00e9 produtor de uma fruta cheia de valor nutricional.<\/p>\n<p>Trata-se de uma \u00e1rvore de porte m\u00e9dio que pode atingir at\u00e9 15 metros de altura, de folhas grandes, brilhantes e vermelhas, quando jovens, passando para colora\u00e7\u00e3o verde em sua fase madura.<\/p>\n<p>A principal caracter\u00edstica do jambeiro rosa \u00e9 sua frutifica\u00e7\u00e3o. Dessa \u00e1rvore surge o jambo rosa. O fruto \u00e9 uma drupa oval, com 3 a 5 cm de di\u00e2metro, em cores que variam entre o amarelo rosa, r\u00f3seo branca ou arroxeado. De polpa branca, esponjosa, sabor suave, adocicado e extremamente arom\u00e1tico, o jambo rosa \u00e9 uma fruta ex\u00f3tica e bastante nutritiva.<br \/>\nDiversas receitas podem surgir a partir do jambo rosa: sobremesas, licores, geleias e sucos, al\u00e9m do consumo in natura.<\/p>\n","protected":false},"excerpt":{"rendered":"<p>Jambo possui textura esponjosa, polpa branca, sabor suave, adocicado e extremamente arom\u00e1tico, com formato oval de 3 a 5 cm de di\u00e2metro. Pode ser consumido ao natural, ou ser utilizado em receitas de doces e drinks.<\/p>\n","protected":false},"featured_media":6551,"template":"","meta":[],"product_brand":[],"product_cat":[152],"product_tag":[166],"class_list":{"0":"post-6467","1":"product","2":"type-product","3":"status-publish","4":"has-post-thumbnail","6":"product_cat-polpas-frutas","7":"product_tag-fruta","9":"first","10":"instock","11":"shipping-taxable","12":"product-type-simple"},"_links":{"self":[{"href":"https:\/\/colonos.eco.br\/variedadesdositio\/wp-json\/wp\/v2\/product\/6467","targetHints":{"allow":["GET"]}}],"collection":[{"href":"https:\/\/colonos.eco.br\/variedadesdositio\/wp-json\/wp\/v2\/product"}],"about":[{"href":"https:\/\/colonos.eco.br\/variedadesdositio\/wp-json\/wp\/v2\/types\/product"}],"wp:featuredmedia":[{"embeddable":true,"href":"https:\/\/colonos.eco.br\/variedadesdositio\/wp-json\/wp\/v2\/media\/6551"}],"wp:attachment":[{"href":"https:\/\/colonos.eco.br\/variedadesdositio\/wp-json\/wp\/v2\/media?parent=6467"}],"wp:term":[{"taxonomy":"product_brand","embeddable":true,"href":"https:\/\/colonos.eco.br\/variedadesdositio\/wp-json\/wp\/v2\/product_brand?post=6467"},{"taxonomy":"product_cat","embeddable":true,"href":"https:\/\/colonos.eco.br\/variedadesdositio\/wp-json\/wp\/v2\/product_cat?post=6467"},{"taxonomy":"product_tag","embeddable":true,"href":"https:\/\/colonos.eco.br\/variedadesdositio\/wp-json\/wp\/v2\/product_tag?post=6467"}],"curies":[{"name":"wp","href":"https:\/\/api.w.org\/{rel}","templated":true}]}}