{"id":6490,"date":"2022-05-10T11:09:58","date_gmt":"2022-05-10T16:09:58","guid":{"rendered":"https:\/\/colonos.eco.br\/variedadesdositio\/produto\/cara-moela\/"},"modified":"2025-06-18T12:10:41","modified_gmt":"2025-06-18T17:10:41","slug":"cara-moela","status":"publish","type":"product","link":"https:\/\/colonos.eco.br\/variedadesdositio\/produto\/cara-moela\/","title":{"rendered":"Car\u00e1 Moela"},"content":{"rendered":"<p>O car\u00e1-moela \u00e9 um tub\u00e9rculo considerado uma PANC, Planta Aliment\u00edcia N\u00e3o Convencional &#8211; e tem in\u00fameros benef\u00edcios, al\u00e9m de dar energia ao corpo, o car\u00e1 ajuda nas contra\u00e7\u00f5es musculares e no correto trato digestivo. Isso previne, dentre outras coisas, eventuais problemas intestinais. O car\u00e1 \u00e9 tamb\u00e9m um importante auxiliar no combate a verminoses. Aten\u00e7\u00e3o: sempre consuma o car\u00e1 cozido, nunca cru.<\/p>\n","protected":false},"excerpt":{"rendered":"<p>Car\u00e1-moela a quilo (tub\u00e9rculos inteiros) lembra a batata e pode ter uso semelhante<\/p>\n","protected":false},"featured_media":6549,"template":"","meta":[],"product_brand":[],"product_cat":[153],"product_tag":[154],"class_list":{"0":"post-6490","1":"product","2":"type-product","3":"status-publish","4":"has-post-thumbnail","6":"product_cat-verduras-legumes","7":"product_tag-tuberculos","9":"first","10":"instock","11":"shipping-taxable","12":"product-type-simple"},"_links":{"self":[{"href":"https:\/\/colonos.eco.br\/variedadesdositio\/wp-json\/wp\/v2\/product\/6490","targetHints":{"allow":["GET"]}}],"collection":[{"href":"https:\/\/colonos.eco.br\/variedadesdositio\/wp-json\/wp\/v2\/product"}],"about":[{"href":"https:\/\/colonos.eco.br\/variedadesdositio\/wp-json\/wp\/v2\/types\/product"}],"wp:featuredmedia":[{"embeddable":true,"href":"https:\/\/colonos.eco.br\/variedadesdositio\/wp-json\/wp\/v2\/media\/6549"}],"wp:attachment":[{"href":"https:\/\/colonos.eco.br\/variedadesdositio\/wp-json\/wp\/v2\/media?parent=6490"}],"wp:term":[{"taxonomy":"product_brand","embeddable":true,"href":"https:\/\/colonos.eco.br\/variedadesdositio\/wp-json\/wp\/v2\/product_brand?post=6490"},{"taxonomy":"product_cat","embeddable":true,"href":"https:\/\/colonos.eco.br\/variedadesdositio\/wp-json\/wp\/v2\/product_cat?post=6490"},{"taxonomy":"product_tag","embeddable":true,"href":"https:\/\/colonos.eco.br\/variedadesdositio\/wp-json\/wp\/v2\/product_tag?post=6490"}],"curies":[{"name":"wp","href":"https:\/\/api.w.org\/{rel}","templated":true}]}}