{"id":6491,"date":"2022-05-10T11:09:59","date_gmt":"2022-05-10T16:09:59","guid":{"rendered":"https:\/\/colonos.eco.br\/variedadesdositio\/produto\/laranja-zamboa\/"},"modified":"2025-06-18T12:12:51","modified_gmt":"2025-06-18T17:12:51","slug":"laranja-zamboa","status":"publish","type":"product","link":"https:\/\/colonos.eco.br\/variedadesdositio\/produto\/laranja-zamboa\/","title":{"rendered":"Laranja Zamboa"},"content":{"rendered":"<p>Por ter um tamanho muito maior, seu sabor tamb\u00e9m se difere das demais laranjas, tendo as membranas mais amargosas e o fruto mais azedinho, sendo ideal para fazer doces e compotas. \u00c9 rica em Vitamina C, B1 e B2, minerais de c\u00e1lcio e de f\u00f3sforo, os quais a tornam excelente para tratar infe\u00e7\u00f5es do trato feminino.<\/p>\n","protected":false},"excerpt":{"rendered":"<p>Laranja inteira (und). A Laranja Zamboa \u00e9 uma esp\u00e9cie de laranja que se destaca pelo tamanho do seu fruto, sendo muito maior e a casca, sendo muito mais grossa que a laranja comum<\/p>\n","protected":false},"featured_media":6553,"template":"","meta":[],"product_brand":[],"product_cat":[152],"product_tag":[166],"class_list":{"0":"post-6491","1":"product","2":"type-product","3":"status-publish","4":"has-post-thumbnail","6":"product_cat-polpas-frutas","7":"product_tag-fruta","9":"first","10":"instock","11":"shipping-taxable","12":"product-type-simple"},"_links":{"self":[{"href":"https:\/\/colonos.eco.br\/variedadesdositio\/wp-json\/wp\/v2\/product\/6491","targetHints":{"allow":["GET"]}}],"collection":[{"href":"https:\/\/colonos.eco.br\/variedadesdositio\/wp-json\/wp\/v2\/product"}],"about":[{"href":"https:\/\/colonos.eco.br\/variedadesdositio\/wp-json\/wp\/v2\/types\/product"}],"wp:featuredmedia":[{"embeddable":true,"href":"https:\/\/colonos.eco.br\/variedadesdositio\/wp-json\/wp\/v2\/media\/6553"}],"wp:attachment":[{"href":"https:\/\/colonos.eco.br\/variedadesdositio\/wp-json\/wp\/v2\/media?parent=6491"}],"wp:term":[{"taxonomy":"product_brand","embeddable":true,"href":"https:\/\/colonos.eco.br\/variedadesdositio\/wp-json\/wp\/v2\/product_brand?post=6491"},{"taxonomy":"product_cat","embeddable":true,"href":"https:\/\/colonos.eco.br\/variedadesdositio\/wp-json\/wp\/v2\/product_cat?post=6491"},{"taxonomy":"product_tag","embeddable":true,"href":"https:\/\/colonos.eco.br\/variedadesdositio\/wp-json\/wp\/v2\/product_tag?post=6491"}],"curies":[{"name":"wp","href":"https:\/\/api.w.org\/{rel}","templated":true}]}}