{"id":6648,"date":"2022-05-30T15:58:44","date_gmt":"2022-05-30T20:58:44","guid":{"rendered":"https:\/\/colonos.eco.br\/variedadesdositio\/?post_type=product&#038;p=6648"},"modified":"2025-06-18T12:06:45","modified_gmt":"2025-06-18T17:06:45","slug":"batata-aria","status":"publish","type":"product","link":"https:\/\/colonos.eco.br\/variedadesdositio\/produto\/batata-aria\/","title":{"rendered":"Batata Ari\u00e1"},"content":{"rendered":"","protected":false},"excerpt":{"rendered":"<p>A batata ari\u00e1 pode ser utilizada no preparo de saladas, pois \u00e9 naturalmente crocante e saborosa.<\/p>\n<p>As popula\u00e7\u00f5es tradicionais a utilizam tamb\u00e9m nas famosas caldeiradas, acompanhando os mais diversos peixes. Pode tamb\u00e9m ser cozida com sal, originar farinhas com potencial para ser utilizadas em p\u00e3es, bolos e bolachas.<\/p>\n","protected":false},"featured_media":6650,"template":"","meta":[],"product_brand":[],"product_cat":[153],"product_tag":[154],"class_list":{"0":"post-6648","1":"product","2":"type-product","3":"status-publish","4":"has-post-thumbnail","6":"product_cat-verduras-legumes","7":"product_tag-tuberculos","9":"first","10":"instock","11":"shipping-taxable","12":"product-type-simple"},"_links":{"self":[{"href":"https:\/\/colonos.eco.br\/variedadesdositio\/wp-json\/wp\/v2\/product\/6648","targetHints":{"allow":["GET"]}}],"collection":[{"href":"https:\/\/colonos.eco.br\/variedadesdositio\/wp-json\/wp\/v2\/product"}],"about":[{"href":"https:\/\/colonos.eco.br\/variedadesdositio\/wp-json\/wp\/v2\/types\/product"}],"wp:featuredmedia":[{"embeddable":true,"href":"https:\/\/colonos.eco.br\/variedadesdositio\/wp-json\/wp\/v2\/media\/6650"}],"wp:attachment":[{"href":"https:\/\/colonos.eco.br\/variedadesdositio\/wp-json\/wp\/v2\/media?parent=6648"}],"wp:term":[{"taxonomy":"product_brand","embeddable":true,"href":"https:\/\/colonos.eco.br\/variedadesdositio\/wp-json\/wp\/v2\/product_brand?post=6648"},{"taxonomy":"product_cat","embeddable":true,"href":"https:\/\/colonos.eco.br\/variedadesdositio\/wp-json\/wp\/v2\/product_cat?post=6648"},{"taxonomy":"product_tag","embeddable":true,"href":"https:\/\/colonos.eco.br\/variedadesdositio\/wp-json\/wp\/v2\/product_tag?post=6648"}],"curies":[{"name":"wp","href":"https:\/\/api.w.org\/{rel}","templated":true}]}}