{"id":6670,"date":"2022-06-04T11:23:28","date_gmt":"2022-06-04T16:23:28","guid":{"rendered":"https:\/\/colonos.eco.br\/variedadesdositio\/?post_type=product&#038;p=6670"},"modified":"2025-06-18T12:11:44","modified_gmt":"2025-06-18T17:11:44","slug":"feijao-verde","status":"publish","type":"product","link":"https:\/\/colonos.eco.br\/variedadesdositio\/produto\/feijao-verde\/","title":{"rendered":"Feij\u00e3o Verde"},"content":{"rendered":"","protected":false},"excerpt":{"rendered":"<p>O feij\u00e3o verde \u00e9 fresco, corresponde a fase pr\u00e9-amadurecimento, rec\u00e9m sa\u00eddo da vagem e pode ser preparado cozido s\u00f3 na \u00e1gua, seja com sal ou sem para ser usado em alguma receita, ou ent\u00e3o refogar e cozinhar com algum tempero para com\u00ea-lo fora de receitas. O tempo de cozimento \u00e9 baixo, inferior ao dos outros feij\u00f5es, e seu caldo n\u00e3o engrossa como o dos outros.<\/p>\n","protected":false},"featured_media":6671,"template":"","meta":[],"product_brand":[],"product_cat":[153],"product_tag":[],"class_list":{"0":"post-6670","1":"product","2":"type-product","3":"status-publish","4":"has-post-thumbnail","6":"product_cat-verduras-legumes","8":"first","9":"instock","10":"shipping-taxable","11":"product-type-simple"},"_links":{"self":[{"href":"https:\/\/colonos.eco.br\/variedadesdositio\/wp-json\/wp\/v2\/product\/6670","targetHints":{"allow":["GET"]}}],"collection":[{"href":"https:\/\/colonos.eco.br\/variedadesdositio\/wp-json\/wp\/v2\/product"}],"about":[{"href":"https:\/\/colonos.eco.br\/variedadesdositio\/wp-json\/wp\/v2\/types\/product"}],"wp:featuredmedia":[{"embeddable":true,"href":"https:\/\/colonos.eco.br\/variedadesdositio\/wp-json\/wp\/v2\/media\/6671"}],"wp:attachment":[{"href":"https:\/\/colonos.eco.br\/variedadesdositio\/wp-json\/wp\/v2\/media?parent=6670"}],"wp:term":[{"taxonomy":"product_brand","embeddable":true,"href":"https:\/\/colonos.eco.br\/variedadesdositio\/wp-json\/wp\/v2\/product_brand?post=6670"},{"taxonomy":"product_cat","embeddable":true,"href":"https:\/\/colonos.eco.br\/variedadesdositio\/wp-json\/wp\/v2\/product_cat?post=6670"},{"taxonomy":"product_tag","embeddable":true,"href":"https:\/\/colonos.eco.br\/variedadesdositio\/wp-json\/wp\/v2\/product_tag?post=6670"}],"curies":[{"name":"wp","href":"https:\/\/api.w.org\/{rel}","templated":true}]}}