{"id":7657,"date":"2022-11-25T17:17:06","date_gmt":"2022-11-25T22:17:06","guid":{"rendered":"https:\/\/colonos.eco.br\/variedadesdositio\/?post_type=product&#038;p=7657"},"modified":"2025-06-18T12:12:51","modified_gmt":"2025-06-18T17:12:51","slug":"jambu-pre-cozido","status":"publish","type":"product","link":"https:\/\/colonos.eco.br\/variedadesdositio\/produto\/jambu-pre-cozido\/","title":{"rendered":"Jambu pr\u00e9-cozido congelado"},"content":{"rendered":"\t\t<div data-elementor-type=\"wp-post\" data-elementor-id=\"7657\" class=\"elementor elementor-7657\">\n\t\t\t\t\t\t<section class=\"elementor-section elementor-top-section elementor-element elementor-element-790218aa elementor-section-boxed elementor-section-height-default elementor-section-height-default\" data-id=\"790218aa\" data-element_type=\"section\">\n\t\t\t\t\t\t<div class=\"elementor-container elementor-column-gap-default\">\n\t\t\t\t\t<div class=\"elementor-column elementor-col-100 elementor-top-column elementor-element elementor-element-36467d94\" data-id=\"36467d94\" data-element_type=\"column\">\n\t\t\t<div class=\"elementor-widget-wrap elementor-element-populated\">\n\t\t\t\t\t\t<div class=\"elementor-element elementor-element-54ff3c40 elementor-widget elementor-widget-text-editor\" data-id=\"54ff3c40\" data-element_type=\"widget\" data-widget_type=\"text-editor.default\">\n\t\t\t\t<div class=\"elementor-widget-container\">\n\t\t\t<style>\/*! elementor - v3.20.0 - 20-03-2024 *\/\n.elementor-widget-text-editor.elementor-drop-cap-view-stacked .elementor-drop-cap{background-color:#69727d;color:#fff}.elementor-widget-text-editor.elementor-drop-cap-view-framed .elementor-drop-cap{color:#69727d;border:3px solid;background-color:transparent}.elementor-widget-text-editor:not(.elementor-drop-cap-view-default) .elementor-drop-cap{margin-top:8px}.elementor-widget-text-editor:not(.elementor-drop-cap-view-default) .elementor-drop-cap-letter{width:1em;height:1em}.elementor-widget-text-editor .elementor-drop-cap{float:left;text-align:center;line-height:1;font-size:50px}.elementor-widget-text-editor .elementor-drop-cap-letter{display:inline-block}<\/style>\t\t\t\t<p>O jambu, famoso e emblem\u00e1tico ingrediente amaz\u00f4nico, \u00e9 marcante pela sensa\u00e7\u00e3o que provoca, quando mastigado: uma leve dorm\u00eancia seguida de um tremor, em fun\u00e7\u00e3o da presen\u00e7a do componente espilantol. \u00c9 um ingrediente fundamental de pratos t\u00edpicos do Norte, como o \u201cpato no tucupi\u201d, \u201cTacac\u00e1\u201d, mas pode ser consumido sozinho em saladas cruas ou refogado, passado no azeite e alho, para incrementar receitas de risotos, arrozes, massas e peixes. No resto do pa\u00eds, pode ser conhecido ainda como \u201cAgri\u00e3o do Par\u00e1\u201d \u2013 Produto vendido congelado.\t\t\t\t\t\t<\/div>\n\t\t\t\t<\/div>\n\t\t\t\t\t<\/div>\n\t\t<\/div>\n\t\t\t\t\t<\/div>\n\t\t<\/section>\n\t\t\t\t<\/div>\n\t\t","protected":false},"excerpt":{"rendered":"<p>Jambu pronto para consumo!<br \/>\nBastando apenas descongelar e utilizar nas mais variadas receitas, inclusive no preparo do tradicional tacac\u00e1. Excelente para preparo de peixes, camar\u00f5es, at\u00e9 mesmo em carnes su\u00ednas e bovinas. Picado, pode compor o tradicional arroz de jambu.<\/p>\n<p>O grande diferencial desta erva \u00e9 a leve dorm\u00eancia na l\u00edngua e nos l\u00e1bios ap\u00f3s o seu consumo.<br \/>\nEste produto \u00e9 enviado congelado em sacos pl\u00e1sticos e em pequenas por\u00e7\u00f5es para serem consumidos de acordo com a necessidade podendo ser conservado por longo per\u00edodo desde que mantido no freezer.<\/p>\n","protected":false},"featured_media":0,"template":"","meta":[],"product_brand":[],"product_cat":[91],"product_tag":[188],"class_list":{"0":"post-7657","1":"product","2":"type-product","3":"status-publish","5":"product_cat-ervas-temperos","6":"product_tag-pimenta","8":"first","9":"instock","10":"shipping-taxable","11":"product-type-simple"},"_links":{"self":[{"href":"https:\/\/colonos.eco.br\/variedadesdositio\/wp-json\/wp\/v2\/product\/7657","targetHints":{"allow":["GET"]}}],"collection":[{"href":"https:\/\/colonos.eco.br\/variedadesdositio\/wp-json\/wp\/v2\/product"}],"about":[{"href":"https:\/\/colonos.eco.br\/variedadesdositio\/wp-json\/wp\/v2\/types\/product"}],"wp:attachment":[{"href":"https:\/\/colonos.eco.br\/variedadesdositio\/wp-json\/wp\/v2\/media?parent=7657"}],"wp:term":[{"taxonomy":"product_brand","embeddable":true,"href":"https:\/\/colonos.eco.br\/variedadesdositio\/wp-json\/wp\/v2\/product_brand?post=7657"},{"taxonomy":"product_cat","embeddable":true,"href":"https:\/\/colonos.eco.br\/variedadesdositio\/wp-json\/wp\/v2\/product_cat?post=7657"},{"taxonomy":"product_tag","embeddable":true,"href":"https:\/\/colonos.eco.br\/variedadesdositio\/wp-json\/wp\/v2\/product_tag?post=7657"}],"curies":[{"name":"wp","href":"https:\/\/api.w.org\/{rel}","templated":true}]}}