{"id":8304,"date":"2023-05-06T08:00:44","date_gmt":"2023-05-06T13:00:44","guid":{"rendered":"https:\/\/colonos.eco.br\/variedadesdositio\/?post_type=product&#038;p=8304"},"modified":"2025-06-18T12:12:20","modified_gmt":"2025-06-18T17:12:20","slug":"hortela-erva-cidreira","status":"publish","type":"product","link":"https:\/\/colonos.eco.br\/variedadesdositio\/produto\/hortela-erva-cidreira\/","title":{"rendered":"Hortel\u00e3 Erva-Cidreira"},"content":{"rendered":"\t\t<div data-elementor-type=\"wp-post\" data-elementor-id=\"8304\" class=\"elementor elementor-8304\">\n\t\t\t\t\t\t<section class=\"elementor-section elementor-top-section elementor-element elementor-element-5e0b84a4 elementor-section-boxed elementor-section-height-default elementor-section-height-default\" data-id=\"5e0b84a4\" data-element_type=\"section\">\n\t\t\t\t\t\t<div class=\"elementor-container elementor-column-gap-default\">\n\t\t\t\t\t<div class=\"elementor-column elementor-col-100 elementor-top-column elementor-element elementor-element-318f814a\" data-id=\"318f814a\" data-element_type=\"column\">\n\t\t\t<div class=\"elementor-widget-wrap elementor-element-populated\">\n\t\t\t\t\t\t<div class=\"elementor-element elementor-element-69567ba9 elementor-widget elementor-widget-text-editor\" data-id=\"69567ba9\" data-element_type=\"widget\" data-widget_type=\"text-editor.default\">\n\t\t\t\t<div class=\"elementor-widget-container\">\n\t\t\t<style>\/*! elementor - v3.20.0 - 20-03-2024 *\/\n.elementor-widget-text-editor.elementor-drop-cap-view-stacked .elementor-drop-cap{background-color:#69727d;color:#fff}.elementor-widget-text-editor.elementor-drop-cap-view-framed .elementor-drop-cap{color:#69727d;border:3px solid;background-color:transparent}.elementor-widget-text-editor:not(.elementor-drop-cap-view-default) .elementor-drop-cap{margin-top:8px}.elementor-widget-text-editor:not(.elementor-drop-cap-view-default) .elementor-drop-cap-letter{width:1em;height:1em}.elementor-widget-text-editor .elementor-drop-cap{float:left;text-align:center;line-height:1;font-size:50px}.elementor-widget-text-editor .elementor-drop-cap-letter{display:inline-block}<\/style>\t\t\t\t<p><strong>Para fazer um ch\u00e1 de Hortel\u00e3 Pimenta<p>Colocar as folhas de hortel\u00e3 pimenta numa x\u00edcara de ch\u00e1 e encher com \u00e1gua fervente. Deixar a infus\u00e3o repousar durante 5 a 7 minutos e coar. Este ch\u00e1 deve ser bebido 3 a 4 vezes por dia e de prefer\u00eancia ap\u00f3s as refei\u00e7\u00f5es.\t\t\t\t\t\t<\/div>\n\t\t\t\t<\/div>\n\t\t\t\t\t<\/div>\n\t\t<\/div>\n\t\t\t\t\t<\/div>\n\t\t<\/section>\n\t\t\t\t<\/div>\n\t\t","protected":false},"excerpt":{"rendered":"<p>Tem aroma refrescante e mentolado, usado popularmente como descongestionante nasal, antigripal, verm\u00edfuga, digestiva e analg\u00e9sica. Pode ser consumido na forma de ch\u00e1 com folhas frescas, secas ou trituradas da planta.<\/p>\n","protected":false},"featured_media":5910,"template":"","meta":[],"product_brand":[],"product_cat":[91,111],"product_tag":[178,104],"class_list":{"0":"post-8304","1":"product","2":"type-product","3":"status-publish","4":"has-post-thumbnail","6":"product_cat-ervas-temperos","7":"product_cat-mercearia","8":"product_tag-folha","9":"product_tag-medicinal","11":"first","12":"instock","13":"shipping-taxable","14":"product-type-simple"},"_links":{"self":[{"href":"https:\/\/colonos.eco.br\/variedadesdositio\/wp-json\/wp\/v2\/product\/8304","targetHints":{"allow":["GET"]}}],"collection":[{"href":"https:\/\/colonos.eco.br\/variedadesdositio\/wp-json\/wp\/v2\/product"}],"about":[{"href":"https:\/\/colonos.eco.br\/variedadesdositio\/wp-json\/wp\/v2\/types\/product"}],"wp:featuredmedia":[{"embeddable":true,"href":"https:\/\/colonos.eco.br\/variedadesdositio\/wp-json\/wp\/v2\/media\/5910"}],"wp:attachment":[{"href":"https:\/\/colonos.eco.br\/variedadesdositio\/wp-json\/wp\/v2\/media?parent=8304"}],"wp:term":[{"taxonomy":"product_brand","embeddable":true,"href":"https:\/\/colonos.eco.br\/variedadesdositio\/wp-json\/wp\/v2\/product_brand?post=8304"},{"taxonomy":"product_cat","embeddable":true,"href":"https:\/\/colonos.eco.br\/variedadesdositio\/wp-json\/wp\/v2\/product_cat?post=8304"},{"taxonomy":"product_tag","embeddable":true,"href":"https:\/\/colonos.eco.br\/variedadesdositio\/wp-json\/wp\/v2\/product_tag?post=8304"}],"curies":[{"name":"wp","href":"https:\/\/api.w.org\/{rel}","templated":true}]}}