{"id":9350,"date":"2023-09-15T19:17:43","date_gmt":"2023-09-16T00:17:43","guid":{"rendered":"https:\/\/colonos.eco.br\/variedadesdositio\/?post_type=product&#038;p=9350"},"modified":"2025-06-18T12:25:48","modified_gmt":"2025-06-18T17:25:48","slug":"tomate-salada-organico","status":"publish","type":"product","link":"https:\/\/colonos.eco.br\/variedadesdositio\/produto\/tomate-salada-organico\/","title":{"rendered":"Tomate Salada Org\u00e2nico"},"content":{"rendered":"","protected":false},"excerpt":{"rendered":"<p>O Tomate Salada Org\u00e2nico, al\u00e9m de n\u00e3o conter agrot\u00f3xicos, \u00e9 tamb\u00e9m mais saboroso e menos \u00e1cido. Pode ser consumido em diversas receitas como tomates recheados, na salada, vinagrete ou ainda num tradicional molho caseiro.<\/p>\n","protected":false},"featured_media":6058,"template":"","meta":[],"product_brand":[],"product_cat":[153],"product_tag":[166,202,187],"class_list":{"0":"post-9350","1":"product","2":"type-product","3":"status-publish","4":"has-post-thumbnail","6":"product_cat-verduras-legumes","7":"product_tag-fruta","8":"product_tag-legume","9":"product_tag-salada","11":"first","12":"instock","13":"shipping-taxable","14":"product-type-simple"},"_links":{"self":[{"href":"https:\/\/colonos.eco.br\/variedadesdositio\/wp-json\/wp\/v2\/product\/9350","targetHints":{"allow":["GET"]}}],"collection":[{"href":"https:\/\/colonos.eco.br\/variedadesdositio\/wp-json\/wp\/v2\/product"}],"about":[{"href":"https:\/\/colonos.eco.br\/variedadesdositio\/wp-json\/wp\/v2\/types\/product"}],"wp:featuredmedia":[{"embeddable":true,"href":"https:\/\/colonos.eco.br\/variedadesdositio\/wp-json\/wp\/v2\/media\/6058"}],"wp:attachment":[{"href":"https:\/\/colonos.eco.br\/variedadesdositio\/wp-json\/wp\/v2\/media?parent=9350"}],"wp:term":[{"taxonomy":"product_brand","embeddable":true,"href":"https:\/\/colonos.eco.br\/variedadesdositio\/wp-json\/wp\/v2\/product_brand?post=9350"},{"taxonomy":"product_cat","embeddable":true,"href":"https:\/\/colonos.eco.br\/variedadesdositio\/wp-json\/wp\/v2\/product_cat?post=9350"},{"taxonomy":"product_tag","embeddable":true,"href":"https:\/\/colonos.eco.br\/variedadesdositio\/wp-json\/wp\/v2\/product_tag?post=9350"}],"curies":[{"name":"wp","href":"https:\/\/api.w.org\/{rel}","templated":true}]}}