{"id":9463,"date":"2024-01-06T10:51:08","date_gmt":"2024-01-06T15:51:08","guid":{"rendered":"https:\/\/colonos.eco.br\/variedadesdositio\/?post_type=product&#038;p=9463"},"modified":"2025-06-18T12:10:41","modified_gmt":"2025-06-18T17:10:41","slug":"castanha-do-para-com-casca","status":"publish","type":"product","link":"https:\/\/colonos.eco.br\/variedadesdositio\/produto\/castanha-do-para-com-casca\/","title":{"rendered":"Castanha do Par\u00e1 com casca"},"content":{"rendered":"<p>A castanha-do-Par\u00e1 com casca \u00e9 um alimento funcional que nutre e promove benef\u00edcios \u00e0 sa\u00fade. \u00c9 uma oleaginosa rica em gorduras boas, minerais e fitoqu\u00edmicos, com elevado valor nutritivo.<\/p>\n","protected":false},"excerpt":{"rendered":"<p>A castanha-do-Par\u00e1 com casca \u00e9 um alimento funcional que nutre e promove benef\u00edcios \u00e0 sa\u00fade. \u00c9 uma oleaginosa rica em gorduras boas, minerais e fitoqu\u00edmicos, com elevado valor nutritivo.<\/p>\n","protected":false},"featured_media":9480,"template":"","meta":[],"product_brand":[],"product_cat":[152],"product_tag":[166],"class_list":{"0":"post-9463","1":"product","2":"type-product","3":"status-publish","4":"has-post-thumbnail","6":"product_cat-polpas-frutas","7":"product_tag-fruta","9":"first","10":"instock","11":"shipping-taxable","12":"product-type-simple"},"_links":{"self":[{"href":"https:\/\/colonos.eco.br\/variedadesdositio\/wp-json\/wp\/v2\/product\/9463","targetHints":{"allow":["GET"]}}],"collection":[{"href":"https:\/\/colonos.eco.br\/variedadesdositio\/wp-json\/wp\/v2\/product"}],"about":[{"href":"https:\/\/colonos.eco.br\/variedadesdositio\/wp-json\/wp\/v2\/types\/product"}],"wp:featuredmedia":[{"embeddable":true,"href":"https:\/\/colonos.eco.br\/variedadesdositio\/wp-json\/wp\/v2\/media\/9480"}],"wp:attachment":[{"href":"https:\/\/colonos.eco.br\/variedadesdositio\/wp-json\/wp\/v2\/media?parent=9463"}],"wp:term":[{"taxonomy":"product_brand","embeddable":true,"href":"https:\/\/colonos.eco.br\/variedadesdositio\/wp-json\/wp\/v2\/product_brand?post=9463"},{"taxonomy":"product_cat","embeddable":true,"href":"https:\/\/colonos.eco.br\/variedadesdositio\/wp-json\/wp\/v2\/product_cat?post=9463"},{"taxonomy":"product_tag","embeddable":true,"href":"https:\/\/colonos.eco.br\/variedadesdositio\/wp-json\/wp\/v2\/product_tag?post=9463"}],"curies":[{"name":"wp","href":"https:\/\/api.w.org\/{rel}","templated":true}]}}