{"id":9561,"date":"2024-03-16T19:20:14","date_gmt":"2024-03-17T00:20:14","guid":{"rendered":"https:\/\/colonos.eco.br\/variedadesdositio\/?post_type=product&#038;p=9561"},"modified":"2025-06-18T12:11:44","modified_gmt":"2025-06-18T17:11:44","slug":"galo-caipira","status":"publish","type":"product","link":"https:\/\/colonos.eco.br\/variedadesdositio\/produto\/galo-caipira\/","title":{"rendered":"Galo Caipira"},"content":{"rendered":"<p>Descubra o sabor aut\u00eantico do campo com nosso Galo Caipira! \u00c9 a escolha perfeita para quem busca qualidade e sabor tradicional. Presente em receitas cl\u00e1ssicas da culin\u00e1ria brasileira, como o delicioso frango caipira com pir\u00e3o, arroz branco e feij\u00e3o tropeiro, nosso Galo Caipira vai te conquistar com sua textura<\/p>\n","protected":false},"excerpt":{"rendered":"<p>Galinha caipira \u00e9 o termo usado na culin\u00e1ria brasileira para se referir ao galin\u00e1ceo dom\u00e9stico criado solto em quintais.<\/p>\n","protected":false},"featured_media":0,"template":"","meta":[],"product_brand":[],"product_cat":[157],"product_tag":[181,189],"class_list":{"0":"post-9561","1":"product","2":"type-product","3":"status-publish","5":"product_cat-carnes-peixes","6":"product_tag-aves","7":"product_tag-galinha","9":"first","10":"instock","11":"shipping-taxable","12":"product-type-simple"},"_links":{"self":[{"href":"https:\/\/colonos.eco.br\/variedadesdositio\/wp-json\/wp\/v2\/product\/9561","targetHints":{"allow":["GET"]}}],"collection":[{"href":"https:\/\/colonos.eco.br\/variedadesdositio\/wp-json\/wp\/v2\/product"}],"about":[{"href":"https:\/\/colonos.eco.br\/variedadesdositio\/wp-json\/wp\/v2\/types\/product"}],"wp:attachment":[{"href":"https:\/\/colonos.eco.br\/variedadesdositio\/wp-json\/wp\/v2\/media?parent=9561"}],"wp:term":[{"taxonomy":"product_brand","embeddable":true,"href":"https:\/\/colonos.eco.br\/variedadesdositio\/wp-json\/wp\/v2\/product_brand?post=9561"},{"taxonomy":"product_cat","embeddable":true,"href":"https:\/\/colonos.eco.br\/variedadesdositio\/wp-json\/wp\/v2\/product_cat?post=9561"},{"taxonomy":"product_tag","embeddable":true,"href":"https:\/\/colonos.eco.br\/variedadesdositio\/wp-json\/wp\/v2\/product_tag?post=9561"}],"curies":[{"name":"wp","href":"https:\/\/api.w.org\/{rel}","templated":true}]}}