{"id":9603,"date":"2024-03-23T10:31:22","date_gmt":"2024-03-23T15:31:22","guid":{"rendered":"https:\/\/colonos.eco.br\/variedadesdositio\/?post_type=product&#038;p=9603"},"modified":"2025-06-18T12:05:49","modified_gmt":"2025-06-18T17:05:49","slug":"araca-goiaba","status":"publish","type":"product","link":"https:\/\/colonos.eco.br\/variedadesdositio\/produto\/araca-goiaba\/","title":{"rendered":"Ara\u00e7\u00e1 Goiaba"},"content":{"rendered":"","protected":false},"excerpt":{"rendered":"<p>Forte semelhan\u00e7a com a goiaba. Seu gosto doce e \u00e1cido encanta paladares na regi\u00e3o e \u00e9 consumido in natura ou na produ\u00e7\u00e3o de receitas como sorvetes, sucos, doces, geleias, licores e outras<\/p>\n","protected":false},"featured_media":9604,"template":"","meta":[],"product_brand":[],"product_cat":[152],"product_tag":[166],"class_list":{"0":"post-9603","1":"product","2":"type-product","3":"status-publish","4":"has-post-thumbnail","6":"product_cat-polpas-frutas","7":"product_tag-fruta","9":"first","10":"instock","11":"shipping-taxable","12":"product-type-simple"},"_links":{"self":[{"href":"https:\/\/colonos.eco.br\/variedadesdositio\/wp-json\/wp\/v2\/product\/9603","targetHints":{"allow":["GET"]}}],"collection":[{"href":"https:\/\/colonos.eco.br\/variedadesdositio\/wp-json\/wp\/v2\/product"}],"about":[{"href":"https:\/\/colonos.eco.br\/variedadesdositio\/wp-json\/wp\/v2\/types\/product"}],"wp:featuredmedia":[{"embeddable":true,"href":"https:\/\/colonos.eco.br\/variedadesdositio\/wp-json\/wp\/v2\/media\/9604"}],"wp:attachment":[{"href":"https:\/\/colonos.eco.br\/variedadesdositio\/wp-json\/wp\/v2\/media?parent=9603"}],"wp:term":[{"taxonomy":"product_brand","embeddable":true,"href":"https:\/\/colonos.eco.br\/variedadesdositio\/wp-json\/wp\/v2\/product_brand?post=9603"},{"taxonomy":"product_cat","embeddable":true,"href":"https:\/\/colonos.eco.br\/variedadesdositio\/wp-json\/wp\/v2\/product_cat?post=9603"},{"taxonomy":"product_tag","embeddable":true,"href":"https:\/\/colonos.eco.br\/variedadesdositio\/wp-json\/wp\/v2\/product_tag?post=9603"}],"curies":[{"name":"wp","href":"https:\/\/api.w.org\/{rel}","templated":true}]}}